{"id":417,"date":"2025-12-30T12:01:20","date_gmt":"2025-12-30T12:01:20","guid":{"rendered":"https:\/\/nutriranzu.com\/?page_id=417"},"modified":"2026-02-05T15:42:23","modified_gmt":"2026-02-05T15:42:23","slug":"educacion-nutricional","status":"publish","type":"page","link":"https:\/\/nutriranzu.com\/eu\/educacion-nutricional\/","title":{"rendered":"Educaci\u00f3n nutricional"},"content":{"rendered":"<div data-elementor-type=\"wp-page\" data-elementor-id=\"417\" class=\"elementor elementor-417\" data-elementor-post-type=\"page\">\n\t\t\t\t\t\t<section class=\"elementor-section elementor-top-section elementor-element elementor-element-59a2f31 elementor-section-height-min-height elementor-section-boxed elementor-section-height-default elementor-section-items-middle\" data-id=\"59a2f31\" data-element_type=\"section\" data-e-type=\"section\" data-settings=\"{&quot;background_background&quot;:&quot;classic&quot;,&quot;shape_divider_bottom&quot;:&quot;curve-asymmetrical&quot;,&quot;shape_divider_bottom_negative&quot;:&quot;yes&quot;}\">\n\t\t\t\t\t\t\t<div class=\"elementor-background-overlay\"><\/div>\n\t\t\t\t\t\t<div class=\"elementor-shape elementor-shape-bottom\" aria-hidden=\"true\" data-negative=\"true\">\n\t\t\t<svg xmlns=\"http:\/\/www.w3.org\/2000\/svg\" viewbox=\"0 0 1000 100\" preserveaspectratio=\"none\">\n\t<path class=\"elementor-shape-fill\" d=\"M615.2,96.7C240.2,97.8,0,18.9,0,0v100h1000V0C1000,19.2,989.8,96,615.2,96.7z\"\/>\n<\/svg>\t\t<\/div>\n\t\t\t\t\t<div class=\"elementor-container elementor-column-gap-default\">\n\t\t\t\t\t<div class=\"elementor-column elementor-col-100 elementor-top-column elementor-element elementor-element-e6401d8\" data-id=\"e6401d8\" data-element_type=\"column\" data-e-type=\"column\">\n\t\t\t<div class=\"elementor-widget-wrap elementor-element-populated\">\n\t\t\t\t\t\t<div class=\"elementor-element elementor-element-fe160e8 elementor-widget elementor-widget-heading\" data-id=\"fe160e8\" data-element_type=\"widget\" data-e-type=\"widget\" data-widget_type=\"heading.default\">\n\t\t\t\t\t<h1 class=\"elementor-heading-title elementor-size-default\">Educaci\u00f3n nutricional<\/h1>\t\t\t\t<\/div>\n\t\t\t\t\t<\/div>\n\t\t<\/div>\n\t\t\t\t\t<\/div>\n\t\t<\/section>\n\t\t\t\t<section class=\"elementor-section elementor-top-section elementor-element elementor-element-26273db elementor-section-boxed elementor-section-height-default elementor-section-height-default\" data-id=\"26273db\" data-element_type=\"section\" data-e-type=\"section\">\n\t\t\t\t\t\t<div class=\"elementor-container elementor-column-gap-default\">\n\t\t\t\t\t<div class=\"elementor-column elementor-col-50 elementor-top-column elementor-element elementor-element-5341328\" data-id=\"5341328\" data-element_type=\"column\" data-e-type=\"column\">\n\t\t\t<div class=\"elementor-widget-wrap elementor-element-populated\">\n\t\t\t\t\t\t<div class=\"elementor-element elementor-element-e6cb449 elementor-widget elementor-widget-text-editor\" data-id=\"e6cb449\" data-element_type=\"widget\" data-e-type=\"widget\" data-widget_type=\"text-editor.default\">\n\t\t\t\t\t\t\t\t\t<p><span style=\"font-weight: 400;\">Una adecuada educaci\u00f3n nutricional es un recurso valioso y esencial que act\u00faa como una estrategia de prevenci\u00f3n primaria para numerosas enfermedades.\u00a0<\/span><\/p><p><span style=\"font-weight: 400;\">La capacitaci\u00f3n en nutrici\u00f3n mediante conferencias o talleres, actividades formativas entretenidas, pr\u00e1cticas y enriquecedoras donde ense\u00f1amos a nuestros clientes a tener una relaci\u00f3n saludable con la alimentaci\u00f3n.\u00a0<\/span><\/p><p><span style=\"font-weight: 400;\">En ellos tratamos diversos temas de nutrici\u00f3n que facilitar\u00e1n la adquisici\u00f3n de conocimientos fundamentales que beneficiar\u00e1n, tanto a ni\u00f1os como a adultos, para mejorar su calidad de vida a lo largo de toda su existencia.<\/span><\/p>\t\t\t\t\t\t\t\t<\/div>\n\t\t\t\t\t<\/div>\n\t\t<\/div>\n\t\t\t\t<div class=\"elementor-column elementor-col-50 elementor-top-column elementor-element elementor-element-a26780e\" data-id=\"a26780e\" data-element_type=\"column\" data-e-type=\"column\">\n\t\t\t<div class=\"elementor-widget-wrap elementor-element-populated\">\n\t\t\t\t\t\t<div class=\"elementor-element elementor-element-234bbd6 elementor-widget elementor-widget-image\" data-id=\"234bbd6\" data-element_type=\"widget\" data-e-type=\"widget\" data-widget_type=\"image.default\">\n\t\t\t\t\t\t\t\t\t\t\t\t\t\t\t<img fetchpriority=\"high\" decoding=\"async\" width=\"959\" height=\"720\" src=\"https:\/\/nutriranzu.com\/wp-content\/uploads\/2025\/12\/PXL_20251226_181516237.jpg\" class=\"attachment-full size-full wp-image-141\" alt=\"NUTRICIONISTA EN ESTELLA\" srcset=\"https:\/\/nutriranzu.com\/wp-content\/uploads\/2025\/12\/PXL_20251226_181516237.jpg 959w, https:\/\/nutriranzu.com\/wp-content\/uploads\/2025\/12\/PXL_20251226_181516237-300x225.jpg 300w, https:\/\/nutriranzu.com\/wp-content\/uploads\/2025\/12\/PXL_20251226_181516237-768x577.jpg 768w\" sizes=\"(max-width: 959px) 100vw, 959px\" \/>\t\t\t\t\t\t\t\t\t\t\t\t\t\t\t<\/div>\n\t\t\t\t\t<\/div>\n\t\t<\/div>\n\t\t\t\t\t<\/div>\n\t\t<\/section>\n\t\t\t\t<section class=\"elementor-section elementor-top-section elementor-element elementor-element-7582db33 elementor-section-boxed elementor-section-height-default elementor-section-height-default\" data-id=\"7582db33\" data-element_type=\"section\" data-e-type=\"section\" data-settings=\"{&quot;background_background&quot;:&quot;classic&quot;}\">\n\t\t\t\t\t\t\t<div class=\"elementor-background-overlay\"><\/div>\n\t\t\t\t\t\t\t<div class=\"elementor-container elementor-column-gap-default\">\n\t\t\t\t\t<div class=\"elementor-column elementor-col-100 elementor-top-column elementor-element elementor-element-21863d71\" data-id=\"21863d71\" data-element_type=\"column\" data-e-type=\"column\">\n\t\t\t<div class=\"elementor-widget-wrap elementor-element-populated\">\n\t\t\t\t\t\t<section class=\"elementor-section elementor-inner-section elementor-element elementor-element-1321038f elementor-section-boxed elementor-section-height-default elementor-section-height-default\" data-id=\"1321038f\" data-element_type=\"section\" data-e-type=\"section\">\n\t\t\t\t\t\t<div class=\"elementor-container elementor-column-gap-default\">\n\t\t\t\t\t<div class=\"elementor-column elementor-col-100 elementor-inner-column elementor-element elementor-element-547d98e2\" data-id=\"547d98e2\" data-element_type=\"column\" data-e-type=\"column\">\n\t\t\t<div class=\"elementor-widget-wrap elementor-element-populated\">\n\t\t\t\t\t\t<div class=\"elementor-element elementor-element-2b11d55b elementor-widget elementor-widget-heading\" data-id=\"2b11d55b\" data-element_type=\"widget\" data-e-type=\"widget\" data-widget_type=\"heading.default\">\n\t\t\t\t\t<h2 class=\"elementor-heading-title elementor-size-default\">Los pilares de la educaci\u00f3n nutricional<\/h2>\t\t\t\t<\/div>\n\t\t\t\t\t<\/div>\n\t\t<\/div>\n\t\t\t\t\t<\/div>\n\t\t<\/section>\n\t\t\t\t<section class=\"elementor-section elementor-inner-section elementor-element elementor-element-7ecc0fa7 elementor-section-boxed elementor-section-height-default elementor-section-height-default\" data-id=\"7ecc0fa7\" data-element_type=\"section\" data-e-type=\"section\">\n\t\t\t\t\t\t<div class=\"elementor-container elementor-column-gap-default\">\n\t\t\t\t\t<div class=\"elementor-column elementor-col-33 elementor-inner-column elementor-element elementor-element-6716161c\" data-id=\"6716161c\" data-element_type=\"column\" data-e-type=\"column\">\n\t\t\t<div class=\"elementor-widget-wrap elementor-element-populated\">\n\t\t\t\t\t\t<div class=\"elementor-element elementor-element-17a8d16 elementor-widget elementor-widget-icon-box\" data-id=\"17a8d16\" data-element_type=\"widget\" data-e-type=\"widget\" data-widget_type=\"icon-box.default\">\n\t\t\t\t\t\t\t<div class=\"elementor-icon-box-wrapper\">\n\n\t\t\t\n\t\t\t\t\t\t<div class=\"elementor-icon-box-content\">\n\n\t\t\t\t\t\t\t\t\t<h4 class=\"elementor-icon-box-title\">\n\t\t\t\t\t\t<span  >\n\t\t\t\t\t\t\tCapacitaci\u00f3n\t\t\t\t\t\t<\/span>\n\t\t\t\t\t<\/h4>\n\t\t\t\t\n\t\t\t\t\t\t\t\t\t<p class=\"elementor-icon-box-description\">\n\t\t\t\t\t\tLas capacitaciones se centran en t\u00f3picos espec\u00edficos como \u201cC\u00f3mo organizar la despensa\u201d, \u201cDesayunos nutritivos\u201d, \u201cC\u00f3mo reemplazar los alimentos ultraprocesados\u201d, etc\u2026 En este caso, la parte pr\u00e1ctica es m\u00e1s relevante que la te\u00f3rica. \n<\/br>\n<\/br>\nConf\u00edo en el enfoque de \u201caprender mediante la pr\u00e1ctica\u201d. \n<\/br>\n<\/br>\nLos individuos que asisten a un taller y aplican lo que han aprendido obtienen un conocimiento m\u00e1s profundo \n\t\t\t\t\t<\/p>\n\t\t\t\t\n\t\t\t<\/div>\n\t\t\t\n\t\t<\/div>\n\t\t\t\t\t\t<\/div>\n\t\t\t\t<div class=\"elementor-element elementor-element-63e48d3f elementor-widget__width-initial elementor-absolute elementor-widget elementor-widget-heading\" data-id=\"63e48d3f\" data-element_type=\"widget\" data-e-type=\"widget\" data-settings=\"{&quot;_position&quot;:&quot;absolute&quot;}\" data-widget_type=\"heading.default\">\n\t\t\t\t\t<h4 class=\"elementor-heading-title elementor-size-default\">1<\/h4>\t\t\t\t<\/div>\n\t\t\t\t\t<\/div>\n\t\t<\/div>\n\t\t\t\t<div class=\"elementor-column elementor-col-33 elementor-inner-column elementor-element elementor-element-55e4cbb5\" data-id=\"55e4cbb5\" data-element_type=\"column\" data-e-type=\"column\">\n\t\t\t<div class=\"elementor-widget-wrap elementor-element-populated\">\n\t\t\t\t\t\t<div class=\"elementor-element elementor-element-10e07978 elementor-widget elementor-widget-icon-box\" data-id=\"10e07978\" data-element_type=\"widget\" data-e-type=\"widget\" data-widget_type=\"icon-box.default\">\n\t\t\t\t\t\t\t<div class=\"elementor-icon-box-wrapper\">\n\n\t\t\t\n\t\t\t\t\t\t<div class=\"elementor-icon-box-content\">\n\n\t\t\t\t\t\t\t\t\t<h4 class=\"elementor-icon-box-title\">\n\t\t\t\t\t\t<span  >\n\t\t\t\t\t\t\tDivulgaci\u00f3n\t\t\t\t\t\t<\/span>\n\t\t\t\t\t<\/h4>\n\t\t\t\t\n\t\t\t\t\t\t\t\t\t<p class=\"elementor-icon-box-description\">\n\t\t\t\t\t\tLas presentaciones se centran en asuntos espec\u00edficos como por ejemplo \u00abInterpretar las etiquetas\u00bb, \u00abConocer el Plato Harvard\u00bb, \u00abLos mitos sobre la alimentaci\u00f3n\u00bb, \u00abNutrici\u00f3n durante el embarazo\u00bb, etc... \n<\/br><\/br>En las conferencias se obtienen nuevos saberes y se aclaran, de manera colectiva, las preguntas sobre la materia tratada. \n\t\t\t\t\t<\/p>\n\t\t\t\t\n\t\t\t<\/div>\n\t\t\t\n\t\t<\/div>\n\t\t\t\t\t\t<\/div>\n\t\t\t\t<div class=\"elementor-element elementor-element-4b59e30c elementor-widget__width-initial elementor-absolute elementor-widget elementor-widget-heading\" data-id=\"4b59e30c\" data-element_type=\"widget\" data-e-type=\"widget\" data-settings=\"{&quot;_position&quot;:&quot;absolute&quot;}\" data-widget_type=\"heading.default\">\n\t\t\t\t\t<h4 class=\"elementor-heading-title elementor-size-default\">2<\/h4>\t\t\t\t<\/div>\n\t\t\t\t\t<\/div>\n\t\t<\/div>\n\t\t\t\t<div class=\"elementor-column elementor-col-33 elementor-inner-column elementor-element elementor-element-4c61713a\" data-id=\"4c61713a\" data-element_type=\"column\" data-e-type=\"column\">\n\t\t\t<div class=\"elementor-widget-wrap elementor-element-populated\">\n\t\t\t\t\t\t<div class=\"elementor-element elementor-element-3f395b37 elementor-widget elementor-widget-icon-box\" data-id=\"3f395b37\" data-element_type=\"widget\" data-e-type=\"widget\" data-widget_type=\"icon-box.default\">\n\t\t\t\t\t\t\t<div class=\"elementor-icon-box-wrapper\">\n\n\t\t\t\n\t\t\t\t\t\t<div class=\"elementor-icon-box-content\">\n\n\t\t\t\t\t\t\t\t\t<h4 class=\"elementor-icon-box-title\">\n\t\t\t\t\t\t<span  >\n\t\t\t\t\t\t\tColaboraci\u00f3n\t\t\t\t\t\t<\/span>\n\t\t\t\t\t<\/h4>\n\t\t\t\t\n\t\t\t\t\t\t\t\t\t<p class=\"elementor-icon-box-description\">\n\t\t\t\t\t\tNos agrada trabajar con empresas que comparten nuestra filosof\u00eda. \n<\/br>\n<\/br>\nSi perteneces a este grupo, cont\u00e1ctame y agrega un valor extra a tu negocio. \n<\/br>\n<\/br>No te lamentar\u00e1s.\n\t\t\t\t\t<\/p>\n\t\t\t\t\n\t\t\t<\/div>\n\t\t\t\n\t\t<\/div>\n\t\t\t\t\t\t<\/div>\n\t\t\t\t<div class=\"elementor-element elementor-element-610e018a elementor-widget__width-initial elementor-absolute elementor-widget elementor-widget-heading\" data-id=\"610e018a\" data-element_type=\"widget\" data-e-type=\"widget\" data-settings=\"{&quot;_position&quot;:&quot;absolute&quot;}\" data-widget_type=\"heading.default\">\n\t\t\t\t\t<h4 class=\"elementor-heading-title elementor-size-default\">3<\/h4>\t\t\t\t<\/div>\n\t\t\t\t\t<\/div>\n\t\t<\/div>\n\t\t\t\t\t<\/div>\n\t\t<\/section>\n\t\t\t\t\t<\/div>\n\t\t<\/div>\n\t\t\t\t\t<\/div>\n\t\t<\/section>\n\t\t\t\t<section class=\"elementor-section elementor-top-section elementor-element elementor-element-1e0c57e elementor-section-boxed elementor-section-height-default elementor-section-height-default\" data-id=\"1e0c57e\" data-element_type=\"section\" data-e-type=\"section\" data-settings=\"{&quot;background_background&quot;:&quot;classic&quot;}\">\n\t\t\t\t\t\t\t<div class=\"elementor-background-overlay\"><\/div>\n\t\t\t\t\t\t\t<div class=\"elementor-container elementor-column-gap-default\">\n\t\t\t\t\t<div class=\"elementor-column elementor-col-100 elementor-top-column elementor-element elementor-element-b896f5d\" data-id=\"b896f5d\" data-element_type=\"column\" data-e-type=\"column\">\n\t\t\t<div class=\"elementor-widget-wrap elementor-element-populated\">\n\t\t\t\t\t\t<div class=\"elementor-element elementor-element-be673c3 elementor-widget elementor-widget-heading\" data-id=\"be673c3\" data-element_type=\"widget\" data-e-type=\"widget\" data-widget_type=\"heading.default\">\n\t\t\t\t\t<h2 class=\"elementor-heading-title elementor-size-default\">Nutrici\u00f3n consciente y personalizada para cada etapa de tu vida<\/h2>\t\t\t\t<\/div>\n\t\t\t\t<div class=\"elementor-element elementor-element-da3c1fb elementor-mobile-align-center elementor-widget elementor-widget-button\" data-id=\"da3c1fb\" data-element_type=\"widget\" data-e-type=\"widget\" data-widget_type=\"button.default\">\n\t\t\t\t\t\t\t\t\t\t<a class=\"elementor-button elementor-button-link elementor-size-lg elementor-animation-wobble-horizontal\" href=\"https:\/\/nutriranzu.com\/eu\/contacto\/\">\n\t\t\t\t\t\t<span class=\"elementor-button-content-wrapper\">\n\t\t\t\t\t\t\t\t\t<span class=\"elementor-button-text\">\u00bfTe apuntas?<\/span>\n\t\t\t\t\t<\/span>\n\t\t\t\t\t<\/a>\n\t\t\t\t\t\t\t\t<\/div>\n\t\t\t\t\t<\/div>\n\t\t<\/div>\n\t\t\t\t\t<\/div>\n\t\t<\/section>\n\t\t\t\t<\/div>","protected":false},"excerpt":{"rendered":"<p>Educaci\u00f3n nutricional Una adecuada educaci\u00f3n nutricional es un recurso valioso y esencial que act\u00faa como una estrategia de prevenci\u00f3n primaria para numerosas enfermedades.\u00a0 La capacitaci\u00f3n en nutrici\u00f3n mediante conferencias o talleres, actividades formativas entretenidas, pr\u00e1cticas y enriquecedoras donde ense\u00f1amos a nuestros clientes a tener una relaci\u00f3n saludable con la alimentaci\u00f3n.\u00a0 En ellos tratamos diversos temas [&hellip;]<\/p>\n","protected":false},"author":1,"featured_media":0,"parent":0,"menu_order":0,"comment_status":"closed","ping_status":"closed","template":"","meta":{"footnotes":""},"class_list":["post-417","page","type-page","status-publish","hentry"],"yoast_head":"<!-- This site is optimized with the Yoast SEO plugin v27.3 - https:\/\/yoast.com\/product\/yoast-seo-wordpress\/ -->\n<title>Educaci\u00f3n nutricional - Nutricionista Iranzu P\u00e9rez<\/title>\n<meta name=\"robots\" content=\"index, follow, max-snippet:-1, max-image-preview:large, max-video-preview:-1\" \/>\n<link rel=\"canonical\" href=\"https:\/\/nutriranzu.com\/eu\/educacion-nutricional\/\" \/>\n<meta property=\"og:locale\" content=\"en_US\" \/>\n<meta property=\"og:type\" content=\"article\" \/>\n<meta property=\"og:title\" content=\"Educaci\u00f3n nutricional - Nutricionista Iranzu P\u00e9rez\" \/>\n<meta property=\"og:description\" content=\"Educaci\u00f3n nutricional Una adecuada educaci\u00f3n nutricional es un recurso valioso y esencial que act\u00faa como una estrategia de prevenci\u00f3n primaria para numerosas enfermedades.\u00a0 La capacitaci\u00f3n en nutrici\u00f3n mediante conferencias o talleres, actividades formativas entretenidas, pr\u00e1cticas y enriquecedoras donde ense\u00f1amos a nuestros clientes a tener una relaci\u00f3n saludable con la alimentaci\u00f3n.\u00a0 En ellos tratamos diversos temas [&hellip;]\" \/>\n<meta property=\"og:url\" content=\"https:\/\/nutriranzu.com\/eu\/educacion-nutricional\/\" \/>\n<meta property=\"og:site_name\" content=\"Nutricionista Iranzu P\u00e9rez\" \/>\n<meta property=\"article:modified_time\" content=\"2026-02-05T15:42:23+00:00\" \/>\n<meta property=\"og:image\" content=\"https:\/\/nutriranzu.com\/wp-content\/uploads\/2025\/12\/PXL_20251226_181516237.jpg\" \/>\n\t<meta property=\"og:image:width\" content=\"959\" \/>\n\t<meta property=\"og:image:height\" content=\"720\" \/>\n\t<meta property=\"og:image:type\" content=\"image\/jpeg\" \/>\n<meta name=\"twitter:card\" content=\"summary_large_image\" \/>\n<meta name=\"twitter:label1\" content=\"Est. reading time\" \/>\n\t<meta name=\"twitter:data1\" content=\"2 minutua\" \/>\n<script type=\"application\/ld+json\" class=\"yoast-schema-graph\">{\"@context\":\"https:\\\/\\\/schema.org\",\"@graph\":[{\"@type\":\"WebPage\",\"@id\":\"https:\\\/\\\/nutriranzu.com\\\/educacion-nutricional\\\/\",\"url\":\"https:\\\/\\\/nutriranzu.com\\\/educacion-nutricional\\\/\",\"name\":\"Educaci\u00f3n nutricional - Nutricionista Iranzu P\u00e9rez\",\"isPartOf\":{\"@id\":\"https:\\\/\\\/nutriranzu.com\\\/#website\"},\"primaryImageOfPage\":{\"@id\":\"https:\\\/\\\/nutriranzu.com\\\/educacion-nutricional\\\/#primaryimage\"},\"image\":{\"@id\":\"https:\\\/\\\/nutriranzu.com\\\/educacion-nutricional\\\/#primaryimage\"},\"thumbnailUrl\":\"https:\\\/\\\/nutriranzu.com\\\/wp-content\\\/uploads\\\/2025\\\/12\\\/PXL_20251226_181516237.jpg\",\"datePublished\":\"2025-12-30T12:01:20+00:00\",\"dateModified\":\"2026-02-05T15:42:23+00:00\",\"breadcrumb\":{\"@id\":\"https:\\\/\\\/nutriranzu.com\\\/educacion-nutricional\\\/#breadcrumb\"},\"inLanguage\":\"eu\",\"potentialAction\":[{\"@type\":\"ReadAction\",\"target\":[\"https:\\\/\\\/nutriranzu.com\\\/educacion-nutricional\\\/\"]}]},{\"@type\":\"ImageObject\",\"inLanguage\":\"eu\",\"@id\":\"https:\\\/\\\/nutriranzu.com\\\/educacion-nutricional\\\/#primaryimage\",\"url\":\"https:\\\/\\\/nutriranzu.com\\\/wp-content\\\/uploads\\\/2025\\\/12\\\/PXL_20251226_181516237.jpg\",\"contentUrl\":\"https:\\\/\\\/nutriranzu.com\\\/wp-content\\\/uploads\\\/2025\\\/12\\\/PXL_20251226_181516237.jpg\"},{\"@type\":\"BreadcrumbList\",\"@id\":\"https:\\\/\\\/nutriranzu.com\\\/educacion-nutricional\\\/#breadcrumb\",\"itemListElement\":[{\"@type\":\"ListItem\",\"position\":1,\"name\":\"Portada\",\"item\":\"https:\\\/\\\/nutriranzu.com\\\/\"},{\"@type\":\"ListItem\",\"position\":2,\"name\":\"Educaci\u00f3n nutricional\"}]},{\"@type\":\"WebSite\",\"@id\":\"https:\\\/\\\/nutriranzu.com\\\/#website\",\"url\":\"https:\\\/\\\/nutriranzu.com\\\/\",\"name\":\"Nutricionista Iranzu P\u00e9rez\",\"description\":\"Nutricionista en Estella\",\"publisher\":{\"@id\":\"https:\\\/\\\/nutriranzu.com\\\/#organization\"},\"potentialAction\":[{\"@type\":\"SearchAction\",\"target\":{\"@type\":\"EntryPoint\",\"urlTemplate\":\"https:\\\/\\\/nutriranzu.com\\\/?s={search_term_string}\"},\"query-input\":{\"@type\":\"PropertyValueSpecification\",\"valueRequired\":true,\"valueName\":\"search_term_string\"}}],\"inLanguage\":\"eu\"},{\"@type\":\"Organization\",\"@id\":\"https:\\\/\\\/nutriranzu.com\\\/#organization\",\"name\":\"Nutricionista Iranzu P\u00e9rez\",\"url\":\"https:\\\/\\\/nutriranzu.com\\\/\",\"logo\":{\"@type\":\"ImageObject\",\"inLanguage\":\"eu\",\"@id\":\"https:\\\/\\\/nutriranzu.com\\\/#\\\/schema\\\/logo\\\/image\\\/\",\"url\":\"https:\\\/\\\/nutriranzu.com\\\/wp-content\\\/uploads\\\/2025\\\/12\\\/Para-tarjeta-logo.png\",\"contentUrl\":\"https:\\\/\\\/nutriranzu.com\\\/wp-content\\\/uploads\\\/2025\\\/12\\\/Para-tarjeta-logo.png\",\"width\":500,\"height\":500,\"caption\":\"Nutricionista Iranzu P\u00e9rez\"},\"image\":{\"@id\":\"https:\\\/\\\/nutriranzu.com\\\/#\\\/schema\\\/logo\\\/image\\\/\"},\"sameAs\":[\"https:\\\/\\\/www.instagram.com\\\/nutriranzu\\\/\"]}]}<\/script>\n<!-- \/ Yoast SEO plugin. -->","yoast_head_json":{"title":"Educaci\u00f3n nutricional - Nutricionista Iranzu P\u00e9rez","robots":{"index":"index","follow":"follow","max-snippet":"max-snippet:-1","max-image-preview":"max-image-preview:large","max-video-preview":"max-video-preview:-1"},"canonical":"https:\/\/nutriranzu.com\/eu\/educacion-nutricional\/","og_locale":"en_US","og_type":"article","og_title":"Educaci\u00f3n nutricional - Nutricionista Iranzu P\u00e9rez","og_description":"Educaci\u00f3n nutricional Una adecuada educaci\u00f3n nutricional es un recurso valioso y esencial que act\u00faa como una estrategia de prevenci\u00f3n primaria para numerosas enfermedades.\u00a0 La capacitaci\u00f3n en nutrici\u00f3n mediante conferencias o talleres, actividades formativas entretenidas, pr\u00e1cticas y enriquecedoras donde ense\u00f1amos a nuestros clientes a tener una relaci\u00f3n saludable con la alimentaci\u00f3n.\u00a0 En ellos tratamos diversos temas [&hellip;]","og_url":"https:\/\/nutriranzu.com\/eu\/educacion-nutricional\/","og_site_name":"Nutricionista Iranzu P\u00e9rez","article_modified_time":"2026-02-05T15:42:23+00:00","og_image":[{"width":959,"height":720,"url":"https:\/\/nutriranzu.com\/wp-content\/uploads\/2025\/12\/PXL_20251226_181516237.jpg","type":"image\/jpeg"}],"twitter_card":"summary_large_image","twitter_misc":{"Est. reading time":"2 minutua"},"schema":{"@context":"https:\/\/schema.org","@graph":[{"@type":"WebPage","@id":"https:\/\/nutriranzu.com\/educacion-nutricional\/","url":"https:\/\/nutriranzu.com\/educacion-nutricional\/","name":"Educaci\u00f3n nutricional - Nutricionista Iranzu P\u00e9rez","isPartOf":{"@id":"https:\/\/nutriranzu.com\/#website"},"primaryImageOfPage":{"@id":"https:\/\/nutriranzu.com\/educacion-nutricional\/#primaryimage"},"image":{"@id":"https:\/\/nutriranzu.com\/educacion-nutricional\/#primaryimage"},"thumbnailUrl":"https:\/\/nutriranzu.com\/wp-content\/uploads\/2025\/12\/PXL_20251226_181516237.jpg","datePublished":"2025-12-30T12:01:20+00:00","dateModified":"2026-02-05T15:42:23+00:00","breadcrumb":{"@id":"https:\/\/nutriranzu.com\/educacion-nutricional\/#breadcrumb"},"inLanguage":"eu","potentialAction":[{"@type":"ReadAction","target":["https:\/\/nutriranzu.com\/educacion-nutricional\/"]}]},{"@type":"ImageObject","inLanguage":"eu","@id":"https:\/\/nutriranzu.com\/educacion-nutricional\/#primaryimage","url":"https:\/\/nutriranzu.com\/wp-content\/uploads\/2025\/12\/PXL_20251226_181516237.jpg","contentUrl":"https:\/\/nutriranzu.com\/wp-content\/uploads\/2025\/12\/PXL_20251226_181516237.jpg"},{"@type":"BreadcrumbList","@id":"https:\/\/nutriranzu.com\/educacion-nutricional\/#breadcrumb","itemListElement":[{"@type":"ListItem","position":1,"name":"Portada","item":"https:\/\/nutriranzu.com\/"},{"@type":"ListItem","position":2,"name":"Educaci\u00f3n nutricional"}]},{"@type":"WebSite","@id":"https:\/\/nutriranzu.com\/#website","url":"https:\/\/nutriranzu.com\/","name":"Nutricionista Iranzu P\u00e9rez","description":"Nutricionista en Estella","publisher":{"@id":"https:\/\/nutriranzu.com\/#organization"},"potentialAction":[{"@type":"SearchAction","target":{"@type":"EntryPoint","urlTemplate":"https:\/\/nutriranzu.com\/?s={search_term_string}"},"query-input":{"@type":"PropertyValueSpecification","valueRequired":true,"valueName":"search_term_string"}}],"inLanguage":"eu"},{"@type":"Organization","@id":"https:\/\/nutriranzu.com\/#organization","name":"Nutricionista Iranzu P\u00e9rez","url":"https:\/\/nutriranzu.com\/","logo":{"@type":"ImageObject","inLanguage":"eu","@id":"https:\/\/nutriranzu.com\/#\/schema\/logo\/image\/","url":"https:\/\/nutriranzu.com\/wp-content\/uploads\/2025\/12\/Para-tarjeta-logo.png","contentUrl":"https:\/\/nutriranzu.com\/wp-content\/uploads\/2025\/12\/Para-tarjeta-logo.png","width":500,"height":500,"caption":"Nutricionista Iranzu P\u00e9rez"},"image":{"@id":"https:\/\/nutriranzu.com\/#\/schema\/logo\/image\/"},"sameAs":["https:\/\/www.instagram.com\/nutriranzu\/"]}]}},"_links":{"self":[{"href":"https:\/\/nutriranzu.com\/eu\/wp-json\/wp\/v2\/pages\/417","targetHints":{"allow":["GET"]}}],"collection":[{"href":"https:\/\/nutriranzu.com\/eu\/wp-json\/wp\/v2\/pages"}],"about":[{"href":"https:\/\/nutriranzu.com\/eu\/wp-json\/wp\/v2\/types\/page"}],"author":[{"embeddable":true,"href":"https:\/\/nutriranzu.com\/eu\/wp-json\/wp\/v2\/users\/1"}],"replies":[{"embeddable":true,"href":"https:\/\/nutriranzu.com\/eu\/wp-json\/wp\/v2\/comments?post=417"}],"version-history":[{"count":16,"href":"https:\/\/nutriranzu.com\/eu\/wp-json\/wp\/v2\/pages\/417\/revisions"}],"predecessor-version":[{"id":517,"href":"https:\/\/nutriranzu.com\/eu\/wp-json\/wp\/v2\/pages\/417\/revisions\/517"}],"wp:attachment":[{"href":"https:\/\/nutriranzu.com\/eu\/wp-json\/wp\/v2\/media?parent=417"}],"curies":[{"name":"wp","href":"https:\/\/api.w.org\/{rel}","templated":true}]}}