{"id":298,"date":"2025-12-30T10:13:01","date_gmt":"2025-12-30T10:13:01","guid":{"rendered":"https:\/\/nutriranzu.com\/?page_id=298"},"modified":"2026-01-27T14:57:32","modified_gmt":"2026-01-27T14:57:32","slug":"transtorno-de-la-conducta-alimentaria","status":"publish","type":"page","link":"https:\/\/nutriranzu.com\/eu\/transtorno-de-la-conducta-alimentaria\/","title":{"rendered":"Transtorno de la conducta alimentaria"},"content":{"rendered":"<div data-elementor-type=\"wp-page\" data-elementor-id=\"298\" class=\"elementor elementor-298\" data-elementor-post-type=\"page\">\n\t\t\t\t\t\t<section class=\"elementor-section elementor-top-section elementor-element elementor-element-792eec4 elementor-section-height-min-height elementor-section-boxed elementor-section-height-default elementor-section-items-middle\" data-id=\"792eec4\" data-element_type=\"section\" data-e-type=\"section\" data-settings=\"{&quot;background_background&quot;:&quot;classic&quot;,&quot;shape_divider_bottom&quot;:&quot;curve-asymmetrical&quot;,&quot;shape_divider_bottom_negative&quot;:&quot;yes&quot;}\">\n\t\t\t\t\t\t\t<div class=\"elementor-background-overlay\"><\/div>\n\t\t\t\t\t\t<div class=\"elementor-shape elementor-shape-bottom\" aria-hidden=\"true\" data-negative=\"true\">\n\t\t\t<svg xmlns=\"http:\/\/www.w3.org\/2000\/svg\" viewbox=\"0 0 1000 100\" preserveaspectratio=\"none\">\n\t<path class=\"elementor-shape-fill\" d=\"M615.2,96.7C240.2,97.8,0,18.9,0,0v100h1000V0C1000,19.2,989.8,96,615.2,96.7z\"\/>\n<\/svg>\t\t<\/div>\n\t\t\t\t\t<div class=\"elementor-container elementor-column-gap-default\">\n\t\t\t\t\t<div class=\"elementor-column elementor-col-100 elementor-top-column elementor-element elementor-element-97e737c\" data-id=\"97e737c\" data-element_type=\"column\" data-e-type=\"column\">\n\t\t\t<div class=\"elementor-widget-wrap elementor-element-populated\">\n\t\t\t\t\t\t<div class=\"elementor-element elementor-element-0468e9d elementor-widget elementor-widget-heading\" data-id=\"0468e9d\" data-element_type=\"widget\" data-e-type=\"widget\" data-widget_type=\"heading.default\">\n\t\t\t\t\t<h1 class=\"elementor-heading-title elementor-size-default\">Transtorno de la conducta alimentaria<\/h1>\t\t\t\t<\/div>\n\t\t\t\t\t<\/div>\n\t\t<\/div>\n\t\t\t\t\t<\/div>\n\t\t<\/section>\n\t\t\t\t<section class=\"elementor-section elementor-top-section elementor-element elementor-element-83c4664 elementor-section-boxed elementor-section-height-default elementor-section-height-default\" data-id=\"83c4664\" data-element_type=\"section\" data-e-type=\"section\">\n\t\t\t\t\t\t<div class=\"elementor-container elementor-column-gap-default\">\n\t\t\t\t\t<div class=\"elementor-column elementor-col-50 elementor-top-column elementor-element elementor-element-9070d5c\" data-id=\"9070d5c\" data-element_type=\"column\" data-e-type=\"column\">\n\t\t\t<div class=\"elementor-widget-wrap elementor-element-populated\">\n\t\t\t\t\t\t<div class=\"elementor-element elementor-element-1d626a3 elementor-headline--style-highlight elementor-widget elementor-widget-animated-headline\" data-id=\"1d626a3\" data-element_type=\"widget\" data-e-type=\"widget\" data-settings=\"{&quot;highlighted_text&quot;:&quot; y disfrutes de la vida.&quot;,&quot;headline_style&quot;:&quot;highlight&quot;,&quot;marker&quot;:&quot;circle&quot;,&quot;loop&quot;:&quot;yes&quot;,&quot;highlight_animation_duration&quot;:1200,&quot;highlight_iteration_delay&quot;:8000}\" data-widget_type=\"animated-headline.default\">\n\t\t\t\t\t\t\t<div class=\"elementor-headline\">\n\t\t\t\t\t<span class=\"elementor-headline-plain-text elementor-headline-text-wrapper\">Quiero que vuelvas a ser tu, que te recuperes<\/span>\n\t\t\t\t<span class=\"elementor-headline-dynamic-wrapper elementor-headline-text-wrapper\">\n\t\t\t\t\t<span class=\"elementor-headline-dynamic-text elementor-headline-text-active\"> y disfrutes de la vida.<\/span>\n\t\t\t\t<\/span>\n\t\t\t\t<\/div>\n\t\t\t\t\t\t<\/div>\n\t\t\t\t<div class=\"elementor-element elementor-element-befc932 elementor-widget elementor-widget-text-editor\" data-id=\"befc932\" data-element_type=\"widget\" data-e-type=\"widget\" data-widget_type=\"text-editor.default\">\n\t\t\t\t\t\t\t\t\t<p><span style=\"font-weight: 400;\">Los Trastornos de la Conducta Alimentaria (<strong>TCA<\/strong>) son afecciones psicol\u00f3gicas serias que impactan en el desarrollo de cambios en la conducta relacionada con la alimentaci\u00f3n. <\/span><\/p><p><span style=\"font-weight: 400;\">Las personas con TCA muestran una gran inquietud por el peso, la apariencia f\u00edsica y la alimentaci\u00f3n. Se clasifican como trastornos de origen multifactorial, producto de la interacci\u00f3n de diversas causas de tipo biol\u00f3gico, psicol\u00f3gico, familiar y sociocultural, generando efectos en la salud tanto f\u00edsica como mental del individuo. Un TCA no es un inconveniente relacionado con la comida, es una cuesti\u00f3n que se manifiesta a trav\u00e9s de la comida.\u00a0<\/span><\/p><p><span style=\"font-weight: 400;\">Entre los des\u00f3rdenes de la alimentaci\u00f3n, se pueden identificar: la anorexia, la bulimia, el trastorno por atracones\u2026\u00a0<\/span><\/p><p><span style=\"font-weight: 400;\">Nos enfocaremos en que restablezcas una conexi\u00f3n saludable tanto con la comida como con tu cuerpo.\u00a0<\/span><\/p><p><span style=\"font-weight: 400;\">Te familiarizar\u00e1s con la aceptaci\u00f3n de tu cuerpo y la alimentaci\u00f3n. Si requieres asistencia personalizada porque te sientes desorientado\/a con alg\u00fan familiar o incluso contigo mismo\/a por atravesar una situaci\u00f3n similar, puedes comenzar en mi consulta de nutrici\u00f3n en Estella.<\/span><\/p>\t\t\t\t\t\t\t\t<\/div>\n\t\t\t\t\t<\/div>\n\t\t<\/div>\n\t\t\t\t<div class=\"elementor-column elementor-col-50 elementor-top-column elementor-element elementor-element-a7efde0\" data-id=\"a7efde0\" data-element_type=\"column\" data-e-type=\"column\">\n\t\t\t<div class=\"elementor-widget-wrap elementor-element-populated\">\n\t\t\t\t\t\t<div class=\"elementor-element elementor-element-f0565dd elementor-widget elementor-widget-image\" data-id=\"f0565dd\" data-element_type=\"widget\" data-e-type=\"widget\" data-widget_type=\"image.default\">\n\t\t\t\t\t\t\t\t\t\t\t\t\t\t\t<img fetchpriority=\"high\" decoding=\"async\" width=\"1039\" height=\"780\" src=\"https:\/\/nutriranzu.com\/wp-content\/uploads\/2025\/12\/PXL_20251226_180749745.jpg\" class=\"attachment-full size-full wp-image-140\" alt=\"NUTRICIONISTA IRANZU P\u00c9REZ\" srcset=\"https:\/\/nutriranzu.com\/wp-content\/uploads\/2025\/12\/PXL_20251226_180749745.jpg 1039w, https:\/\/nutriranzu.com\/wp-content\/uploads\/2025\/12\/PXL_20251226_180749745-300x225.jpg 300w, https:\/\/nutriranzu.com\/wp-content\/uploads\/2025\/12\/PXL_20251226_180749745-1024x769.jpg 1024w, https:\/\/nutriranzu.com\/wp-content\/uploads\/2025\/12\/PXL_20251226_180749745-768x577.jpg 768w\" sizes=\"(max-width: 1039px) 100vw, 1039px\" \/>\t\t\t\t\t\t\t\t\t\t\t\t\t\t\t<\/div>\n\t\t\t\t\t<\/div>\n\t\t<\/div>\n\t\t\t\t\t<\/div>\n\t\t<\/section>\n\t\t\t\t<section class=\"elementor-section elementor-top-section elementor-element elementor-element-090fa0a elementor-section-boxed elementor-section-height-default elementor-section-height-default\" data-id=\"090fa0a\" data-element_type=\"section\" data-e-type=\"section\" data-settings=\"{&quot;background_background&quot;:&quot;classic&quot;}\">\n\t\t\t\t\t\t\t<div class=\"elementor-background-overlay\"><\/div>\n\t\t\t\t\t\t\t<div class=\"elementor-container elementor-column-gap-default\">\n\t\t\t\t\t<div class=\"elementor-column elementor-col-100 elementor-top-column elementor-element elementor-element-e23d135\" data-id=\"e23d135\" data-element_type=\"column\" data-e-type=\"column\">\n\t\t\t<div class=\"elementor-widget-wrap elementor-element-populated\">\n\t\t\t\t\t\t<section class=\"elementor-section elementor-inner-section elementor-element elementor-element-045041d elementor-reverse-tablet elementor-reverse-mobile elementor-section-boxed elementor-section-height-default elementor-section-height-default\" data-id=\"045041d\" data-element_type=\"section\" data-e-type=\"section\">\n\t\t\t\t\t\t<div class=\"elementor-container elementor-column-gap-default\">\n\t\t\t\t\t<div class=\"elementor-column elementor-col-50 elementor-inner-column elementor-element elementor-element-95c2dce\" data-id=\"95c2dce\" data-element_type=\"column\" data-e-type=\"column\">\n\t\t\t<div class=\"elementor-widget-wrap elementor-element-populated\">\n\t\t\t\t\t\t<div class=\"elementor-element elementor-element-6d4401f elementor-widget elementor-widget-image\" data-id=\"6d4401f\" data-element_type=\"widget\" data-e-type=\"widget\" data-widget_type=\"image.default\">\n\t\t\t\t\t\t\t\t\t\t\t\t\t\t\t<img decoding=\"async\" width=\"800\" height=\"534\" src=\"https:\/\/nutriranzu.com\/wp-content\/uploads\/2026\/01\/nutriranzu-como-trabajo-1024x683.jpg\" class=\"attachment-large size-large wp-image-476\" alt=\"nutricionista en estella\" srcset=\"https:\/\/nutriranzu.com\/wp-content\/uploads\/2026\/01\/nutriranzu-como-trabajo-1024x683.jpg 1024w, https:\/\/nutriranzu.com\/wp-content\/uploads\/2026\/01\/nutriranzu-como-trabajo-300x200.jpg 300w, https:\/\/nutriranzu.com\/wp-content\/uploads\/2026\/01\/nutriranzu-como-trabajo-768x512.jpg 768w, https:\/\/nutriranzu.com\/wp-content\/uploads\/2026\/01\/nutriranzu-como-trabajo.jpg 1536w\" sizes=\"(max-width: 800px) 100vw, 800px\" \/>\t\t\t\t\t\t\t\t\t\t\t\t\t\t\t<\/div>\n\t\t\t\t\t<\/div>\n\t\t<\/div>\n\t\t\t\t<div class=\"elementor-column elementor-col-50 elementor-inner-column elementor-element elementor-element-255499b\" data-id=\"255499b\" data-element_type=\"column\" data-e-type=\"column\">\n\t\t\t<div class=\"elementor-widget-wrap elementor-element-populated\">\n\t\t\t\t\t\t<div class=\"elementor-element elementor-element-facd136 elementor-widget elementor-widget-heading\" data-id=\"facd136\" data-element_type=\"widget\" data-e-type=\"widget\" data-widget_type=\"heading.default\">\n\t\t\t\t\t<div class=\"elementor-heading-title elementor-size-default\">PROCESO<\/div>\t\t\t\t<\/div>\n\t\t\t\t<div class=\"elementor-element elementor-element-19c59b8 elementor-widget elementor-widget-heading\" data-id=\"19c59b8\" data-element_type=\"widget\" data-e-type=\"widget\" data-widget_type=\"heading.default\">\n\t\t\t\t\t<div class=\"elementor-heading-title elementor-size-default\">C\u00f3mo trabajo\n<\/div>\t\t\t\t<\/div>\n\t\t\t\t<div class=\"elementor-element elementor-element-4ca5815 elementor-widget elementor-widget-text-editor\" data-id=\"4ca5815\" data-element_type=\"widget\" data-e-type=\"widget\" data-widget_type=\"text-editor.default\">\n\t\t\t\t\t\t\t\t\t<p><strong>Mi enfoque en todo momento es el paciente, por ello yo me adapto a ti. Siempre trabajo desde la \u00faltima evidencia cient\u00edfica.\u00a0<\/strong><\/p><p><span style=\"font-weight: 400;\">Cada plan de alimentaci\u00f3n es completamente individualizado, teniendo en cuenta tu estilo de vida, hobbies y objetivos. De este modo recibir\u00e1s un asesoramiento nutricional de calidad, cercano, respaldado con la \u00faltima evidencia cient\u00edfica.\u00a0<\/span><\/p><p><span style=\"font-weight: 400;\">Para ello t<\/span><span style=\"font-weight: 400;\">e tengo que conocer: <\/span><\/p><p><span style=\"font-weight: 400;\">Conocer tu historial m\u00e9dico, enfermedades, an\u00e1lisis, h\u00e1bitos\u2026 \u00bfTienes una alimentaci\u00f3n correcta? Es necesario entender c\u00f3mo es el estilo de alimentaci\u00f3n, incluyendo porciones, tipos de alimentos, gustos y horarios. <\/span><\/p><p><span style=\"font-weight: 400;\">Despu\u00e9s de revisar tu historia m\u00e9dica y tus costumbres alimenticias, estableceremos un plan de acci\u00f3n con metas alcanzables que seguiremos hasta lograr el objetivo final. Y siempre colaborando en la educaci\u00f3n nutricional\u00a0<\/span><\/p>\t\t\t\t\t\t\t\t<\/div>\n\t\t\t\t\t<\/div>\n\t\t<\/div>\n\t\t\t\t\t<\/div>\n\t\t<\/section>\n\t\t\t\t\t<\/div>\n\t\t<\/div>\n\t\t\t\t\t<\/div>\n\t\t<\/section>\n\t\t\t\t<section class=\"elementor-section elementor-top-section elementor-element elementor-element-5475d61 elementor-section-boxed elementor-section-height-default elementor-section-height-default\" data-id=\"5475d61\" data-element_type=\"section\" data-e-type=\"section\" data-settings=\"{&quot;background_background&quot;:&quot;classic&quot;}\">\n\t\t\t\t\t\t\t<div class=\"elementor-background-overlay\"><\/div>\n\t\t\t\t\t\t\t<div class=\"elementor-container elementor-column-gap-default\">\n\t\t\t\t\t<div class=\"elementor-column elementor-col-100 elementor-top-column elementor-element elementor-element-6059fa3\" data-id=\"6059fa3\" data-element_type=\"column\" data-e-type=\"column\" data-settings=\"{&quot;background_background&quot;:&quot;classic&quot;}\">\n\t\t\t<div class=\"elementor-widget-wrap elementor-element-populated\">\n\t\t\t\t\t<div class=\"elementor-background-overlay\"><\/div>\n\t\t\t\t\t\t<div class=\"elementor-element elementor-element-e5ea19a elementor-widget elementor-widget-heading\" data-id=\"e5ea19a\" data-element_type=\"widget\" data-e-type=\"widget\" data-widget_type=\"heading.default\">\n\t\t\t\t\t<h2 class=\"elementor-heading-title elementor-size-default\">Sobre la primera consulta\n<\/h2>\t\t\t\t<\/div>\n\t\t\t\t<div class=\"elementor-element elementor-element-92aadc2 elementor-widget elementor-widget-text-editor\" data-id=\"92aadc2\" data-element_type=\"widget\" data-e-type=\"widget\" data-widget_type=\"text-editor.default\">\n\t\t\t\t\t\t\t\t\t<p><span style=\"font-weight: 400;\">En esta primera consulta diet\u00e9tica realizaremos una entrevista centrada en tu historia cl\u00ednica \/ diet\u00e9tica, estableceremos los objetivos, y te daremos algunos consejos b\u00e1sicos sobre alimentaci\u00f3n saludable, compra, rutinas y cocina.\u00a0<\/span><\/p><p><span style=\"font-weight: 400;\">Tambi\u00e9n realizaremos un estudio de tu composici\u00f3n corporal por bioimpedancia o mediante antropometr\u00eda.\u00a0<\/span><\/p><p><span style=\"font-weight: 400;\">En las consultas online, te daremos indicaciones para el pesaje y el volumen. No siempre necesitamos estos datos y son totalmente opcionales\u00a0<\/span><\/p>\t\t\t\t\t\t\t\t<\/div>\n\t\t\t\t<div class=\"elementor-element elementor-element-f755350 elementor-mobile-align-center elementor-align-center elementor-widget elementor-widget-button\" data-id=\"f755350\" data-element_type=\"widget\" data-e-type=\"widget\" data-widget_type=\"button.default\">\n\t\t\t\t\t\t\t\t\t\t<a class=\"elementor-button elementor-button-link elementor-size-md elementor-animation-wobble-horizontal\" href=\"https:\/\/nutriranzu.com\/eu\/contacto\/\">\n\t\t\t\t\t\t<span class=\"elementor-button-content-wrapper\">\n\t\t\t\t\t\t\t\t\t<span class=\"elementor-button-text\">\u00bfTe apuntas?<\/span>\n\t\t\t\t\t<\/span>\n\t\t\t\t\t<\/a>\n\t\t\t\t\t\t\t\t<\/div>\n\t\t\t\t\t<\/div>\n\t\t<\/div>\n\t\t\t\t\t<\/div>\n\t\t<\/section>\n\t\t\t\t<\/div>","protected":false},"excerpt":{"rendered":"<p>Transtorno de la conducta alimentaria Quiero que vuelvas a ser tu, que te recuperes y disfrutes de la vida. Los Trastornos de la Conducta Alimentaria (TCA) son afecciones psicol\u00f3gicas serias que impactan en el desarrollo de cambios en la conducta relacionada con la alimentaci\u00f3n. Las personas con TCA muestran una gran inquietud por el peso, [&hellip;]<\/p>\n","protected":false},"author":1,"featured_media":0,"parent":0,"menu_order":0,"comment_status":"closed","ping_status":"closed","template":"","meta":{"footnotes":""},"class_list":["post-298","page","type-page","status-publish","hentry"],"yoast_head":"<!-- This site is optimized with the Yoast SEO plugin v27.3 - https:\/\/yoast.com\/product\/yoast-seo-wordpress\/ -->\n<title>Transtorno de la conducta alimentaria - Nutricionista Iranzu P\u00e9rez<\/title>\n<meta name=\"robots\" content=\"index, follow, max-snippet:-1, max-image-preview:large, max-video-preview:-1\" \/>\n<link rel=\"canonical\" href=\"https:\/\/nutriranzu.com\/eu\/transtorno-de-la-conducta-alimentaria\/\" \/>\n<meta property=\"og:locale\" content=\"en_US\" \/>\n<meta property=\"og:type\" content=\"article\" \/>\n<meta property=\"og:title\" content=\"Transtorno de la conducta alimentaria - Nutricionista Iranzu P\u00e9rez\" \/>\n<meta property=\"og:description\" content=\"Transtorno de la conducta alimentaria Quiero que vuelvas a ser tu, que te recuperes y disfrutes de la vida. Los Trastornos de la Conducta Alimentaria (TCA) son afecciones psicol\u00f3gicas serias que impactan en el desarrollo de cambios en la conducta relacionada con la alimentaci\u00f3n. Las personas con TCA muestran una gran inquietud por el peso, [&hellip;]\" \/>\n<meta property=\"og:url\" content=\"https:\/\/nutriranzu.com\/eu\/transtorno-de-la-conducta-alimentaria\/\" \/>\n<meta property=\"og:site_name\" content=\"Nutricionista Iranzu P\u00e9rez\" \/>\n<meta property=\"article:modified_time\" content=\"2026-01-27T14:57:32+00:00\" \/>\n<meta property=\"og:image\" content=\"https:\/\/nutriranzu.com\/wp-content\/uploads\/2025\/12\/PXL_20251226_180749745.jpg\" \/>\n\t<meta property=\"og:image:width\" content=\"1039\" \/>\n\t<meta property=\"og:image:height\" content=\"780\" \/>\n\t<meta property=\"og:image:type\" content=\"image\/jpeg\" \/>\n<meta name=\"twitter:card\" content=\"summary_large_image\" \/>\n<meta name=\"twitter:label1\" content=\"Est. reading time\" \/>\n\t<meta name=\"twitter:data1\" content=\"2 minutua\" \/>\n<script type=\"application\/ld+json\" class=\"yoast-schema-graph\">{\"@context\":\"https:\\\/\\\/schema.org\",\"@graph\":[{\"@type\":\"WebPage\",\"@id\":\"https:\\\/\\\/nutriranzu.com\\\/transtorno-de-la-conducta-alimentaria\\\/\",\"url\":\"https:\\\/\\\/nutriranzu.com\\\/transtorno-de-la-conducta-alimentaria\\\/\",\"name\":\"Transtorno de la conducta alimentaria - Nutricionista Iranzu P\u00e9rez\",\"isPartOf\":{\"@id\":\"https:\\\/\\\/nutriranzu.com\\\/#website\"},\"primaryImageOfPage\":{\"@id\":\"https:\\\/\\\/nutriranzu.com\\\/transtorno-de-la-conducta-alimentaria\\\/#primaryimage\"},\"image\":{\"@id\":\"https:\\\/\\\/nutriranzu.com\\\/transtorno-de-la-conducta-alimentaria\\\/#primaryimage\"},\"thumbnailUrl\":\"https:\\\/\\\/nutriranzu.com\\\/wp-content\\\/uploads\\\/2025\\\/12\\\/PXL_20251226_180749745.jpg\",\"datePublished\":\"2025-12-30T10:13:01+00:00\",\"dateModified\":\"2026-01-27T14:57:32+00:00\",\"breadcrumb\":{\"@id\":\"https:\\\/\\\/nutriranzu.com\\\/transtorno-de-la-conducta-alimentaria\\\/#breadcrumb\"},\"inLanguage\":\"eu\",\"potentialAction\":[{\"@type\":\"ReadAction\",\"target\":[\"https:\\\/\\\/nutriranzu.com\\\/transtorno-de-la-conducta-alimentaria\\\/\"]}]},{\"@type\":\"ImageObject\",\"inLanguage\":\"eu\",\"@id\":\"https:\\\/\\\/nutriranzu.com\\\/transtorno-de-la-conducta-alimentaria\\\/#primaryimage\",\"url\":\"https:\\\/\\\/nutriranzu.com\\\/wp-content\\\/uploads\\\/2025\\\/12\\\/PXL_20251226_180749745.jpg\",\"contentUrl\":\"https:\\\/\\\/nutriranzu.com\\\/wp-content\\\/uploads\\\/2025\\\/12\\\/PXL_20251226_180749745.jpg\"},{\"@type\":\"BreadcrumbList\",\"@id\":\"https:\\\/\\\/nutriranzu.com\\\/transtorno-de-la-conducta-alimentaria\\\/#breadcrumb\",\"itemListElement\":[{\"@type\":\"ListItem\",\"position\":1,\"name\":\"Portada\",\"item\":\"https:\\\/\\\/nutriranzu.com\\\/\"},{\"@type\":\"ListItem\",\"position\":2,\"name\":\"Transtorno de la conducta alimentaria\"}]},{\"@type\":\"WebSite\",\"@id\":\"https:\\\/\\\/nutriranzu.com\\\/#website\",\"url\":\"https:\\\/\\\/nutriranzu.com\\\/\",\"name\":\"Nutricionista Iranzu P\u00e9rez\",\"description\":\"Nutricionista en Estella\",\"publisher\":{\"@id\":\"https:\\\/\\\/nutriranzu.com\\\/#organization\"},\"potentialAction\":[{\"@type\":\"SearchAction\",\"target\":{\"@type\":\"EntryPoint\",\"urlTemplate\":\"https:\\\/\\\/nutriranzu.com\\\/?s={search_term_string}\"},\"query-input\":{\"@type\":\"PropertyValueSpecification\",\"valueRequired\":true,\"valueName\":\"search_term_string\"}}],\"inLanguage\":\"eu\"},{\"@type\":\"Organization\",\"@id\":\"https:\\\/\\\/nutriranzu.com\\\/#organization\",\"name\":\"Nutricionista Iranzu P\u00e9rez\",\"url\":\"https:\\\/\\\/nutriranzu.com\\\/\",\"logo\":{\"@type\":\"ImageObject\",\"inLanguage\":\"eu\",\"@id\":\"https:\\\/\\\/nutriranzu.com\\\/#\\\/schema\\\/logo\\\/image\\\/\",\"url\":\"https:\\\/\\\/nutriranzu.com\\\/wp-content\\\/uploads\\\/2025\\\/12\\\/Para-tarjeta-logo.png\",\"contentUrl\":\"https:\\\/\\\/nutriranzu.com\\\/wp-content\\\/uploads\\\/2025\\\/12\\\/Para-tarjeta-logo.png\",\"width\":500,\"height\":500,\"caption\":\"Nutricionista Iranzu P\u00e9rez\"},\"image\":{\"@id\":\"https:\\\/\\\/nutriranzu.com\\\/#\\\/schema\\\/logo\\\/image\\\/\"},\"sameAs\":[\"https:\\\/\\\/www.instagram.com\\\/nutriranzu\\\/\"]}]}<\/script>\n<!-- \/ Yoast SEO plugin. -->","yoast_head_json":{"title":"Transtorno de la conducta alimentaria - Nutricionista Iranzu P\u00e9rez","robots":{"index":"index","follow":"follow","max-snippet":"max-snippet:-1","max-image-preview":"max-image-preview:large","max-video-preview":"max-video-preview:-1"},"canonical":"https:\/\/nutriranzu.com\/eu\/transtorno-de-la-conducta-alimentaria\/","og_locale":"en_US","og_type":"article","og_title":"Transtorno de la conducta alimentaria - Nutricionista Iranzu P\u00e9rez","og_description":"Transtorno de la conducta alimentaria Quiero que vuelvas a ser tu, que te recuperes y disfrutes de la vida. Los Trastornos de la Conducta Alimentaria (TCA) son afecciones psicol\u00f3gicas serias que impactan en el desarrollo de cambios en la conducta relacionada con la alimentaci\u00f3n. Las personas con TCA muestran una gran inquietud por el peso, [&hellip;]","og_url":"https:\/\/nutriranzu.com\/eu\/transtorno-de-la-conducta-alimentaria\/","og_site_name":"Nutricionista Iranzu P\u00e9rez","article_modified_time":"2026-01-27T14:57:32+00:00","og_image":[{"width":1039,"height":780,"url":"https:\/\/nutriranzu.com\/wp-content\/uploads\/2025\/12\/PXL_20251226_180749745.jpg","type":"image\/jpeg"}],"twitter_card":"summary_large_image","twitter_misc":{"Est. reading time":"2 minutua"},"schema":{"@context":"https:\/\/schema.org","@graph":[{"@type":"WebPage","@id":"https:\/\/nutriranzu.com\/transtorno-de-la-conducta-alimentaria\/","url":"https:\/\/nutriranzu.com\/transtorno-de-la-conducta-alimentaria\/","name":"Transtorno de la conducta alimentaria - Nutricionista Iranzu P\u00e9rez","isPartOf":{"@id":"https:\/\/nutriranzu.com\/#website"},"primaryImageOfPage":{"@id":"https:\/\/nutriranzu.com\/transtorno-de-la-conducta-alimentaria\/#primaryimage"},"image":{"@id":"https:\/\/nutriranzu.com\/transtorno-de-la-conducta-alimentaria\/#primaryimage"},"thumbnailUrl":"https:\/\/nutriranzu.com\/wp-content\/uploads\/2025\/12\/PXL_20251226_180749745.jpg","datePublished":"2025-12-30T10:13:01+00:00","dateModified":"2026-01-27T14:57:32+00:00","breadcrumb":{"@id":"https:\/\/nutriranzu.com\/transtorno-de-la-conducta-alimentaria\/#breadcrumb"},"inLanguage":"eu","potentialAction":[{"@type":"ReadAction","target":["https:\/\/nutriranzu.com\/transtorno-de-la-conducta-alimentaria\/"]}]},{"@type":"ImageObject","inLanguage":"eu","@id":"https:\/\/nutriranzu.com\/transtorno-de-la-conducta-alimentaria\/#primaryimage","url":"https:\/\/nutriranzu.com\/wp-content\/uploads\/2025\/12\/PXL_20251226_180749745.jpg","contentUrl":"https:\/\/nutriranzu.com\/wp-content\/uploads\/2025\/12\/PXL_20251226_180749745.jpg"},{"@type":"BreadcrumbList","@id":"https:\/\/nutriranzu.com\/transtorno-de-la-conducta-alimentaria\/#breadcrumb","itemListElement":[{"@type":"ListItem","position":1,"name":"Portada","item":"https:\/\/nutriranzu.com\/"},{"@type":"ListItem","position":2,"name":"Transtorno de la conducta alimentaria"}]},{"@type":"WebSite","@id":"https:\/\/nutriranzu.com\/#website","url":"https:\/\/nutriranzu.com\/","name":"Nutricionista Iranzu P\u00e9rez","description":"Nutricionista en Estella","publisher":{"@id":"https:\/\/nutriranzu.com\/#organization"},"potentialAction":[{"@type":"SearchAction","target":{"@type":"EntryPoint","urlTemplate":"https:\/\/nutriranzu.com\/?s={search_term_string}"},"query-input":{"@type":"PropertyValueSpecification","valueRequired":true,"valueName":"search_term_string"}}],"inLanguage":"eu"},{"@type":"Organization","@id":"https:\/\/nutriranzu.com\/#organization","name":"Nutricionista Iranzu P\u00e9rez","url":"https:\/\/nutriranzu.com\/","logo":{"@type":"ImageObject","inLanguage":"eu","@id":"https:\/\/nutriranzu.com\/#\/schema\/logo\/image\/","url":"https:\/\/nutriranzu.com\/wp-content\/uploads\/2025\/12\/Para-tarjeta-logo.png","contentUrl":"https:\/\/nutriranzu.com\/wp-content\/uploads\/2025\/12\/Para-tarjeta-logo.png","width":500,"height":500,"caption":"Nutricionista Iranzu P\u00e9rez"},"image":{"@id":"https:\/\/nutriranzu.com\/#\/schema\/logo\/image\/"},"sameAs":["https:\/\/www.instagram.com\/nutriranzu\/"]}]}},"_links":{"self":[{"href":"https:\/\/nutriranzu.com\/eu\/wp-json\/wp\/v2\/pages\/298","targetHints":{"allow":["GET"]}}],"collection":[{"href":"https:\/\/nutriranzu.com\/eu\/wp-json\/wp\/v2\/pages"}],"about":[{"href":"https:\/\/nutriranzu.com\/eu\/wp-json\/wp\/v2\/types\/page"}],"author":[{"embeddable":true,"href":"https:\/\/nutriranzu.com\/eu\/wp-json\/wp\/v2\/users\/1"}],"replies":[{"embeddable":true,"href":"https:\/\/nutriranzu.com\/eu\/wp-json\/wp\/v2\/comments?post=298"}],"version-history":[{"count":10,"href":"https:\/\/nutriranzu.com\/eu\/wp-json\/wp\/v2\/pages\/298\/revisions"}],"predecessor-version":[{"id":495,"href":"https:\/\/nutriranzu.com\/eu\/wp-json\/wp\/v2\/pages\/298\/revisions\/495"}],"wp:attachment":[{"href":"https:\/\/nutriranzu.com\/eu\/wp-json\/wp\/v2\/media?parent=298"}],"curies":[{"name":"wp","href":"https:\/\/api.w.org\/{rel}","templated":true}]}}