{"id":297,"date":"2025-12-30T10:30:20","date_gmt":"2025-12-30T10:30:20","guid":{"rendered":"https:\/\/nutriranzu.com\/?page_id=297"},"modified":"2026-01-27T14:59:42","modified_gmt":"2026-01-27T14:59:42","slug":"nutricion-de-la-mujer","status":"publish","type":"page","link":"https:\/\/nutriranzu.com\/eu\/nutricion-de-la-mujer\/","title":{"rendered":"Nutrici\u00f3n de la mujer"},"content":{"rendered":"<div data-elementor-type=\"wp-page\" data-elementor-id=\"297\" class=\"elementor elementor-297\" data-elementor-post-type=\"page\">\n\t\t\t\t\t\t<section class=\"elementor-section elementor-top-section elementor-element elementor-element-0fb92ea elementor-section-height-min-height elementor-section-boxed elementor-section-height-default elementor-section-items-middle\" data-id=\"0fb92ea\" data-element_type=\"section\" data-e-type=\"section\" data-settings=\"{&quot;background_background&quot;:&quot;classic&quot;,&quot;shape_divider_bottom&quot;:&quot;curve-asymmetrical&quot;,&quot;shape_divider_bottom_negative&quot;:&quot;yes&quot;}\">\n\t\t\t\t\t\t\t<div class=\"elementor-background-overlay\"><\/div>\n\t\t\t\t\t\t<div class=\"elementor-shape elementor-shape-bottom\" aria-hidden=\"true\" data-negative=\"true\">\n\t\t\t<svg xmlns=\"http:\/\/www.w3.org\/2000\/svg\" viewbox=\"0 0 1000 100\" preserveaspectratio=\"none\">\n\t<path class=\"elementor-shape-fill\" d=\"M615.2,96.7C240.2,97.8,0,18.9,0,0v100h1000V0C1000,19.2,989.8,96,615.2,96.7z\"\/>\n<\/svg>\t\t<\/div>\n\t\t\t\t\t<div class=\"elementor-container elementor-column-gap-default\">\n\t\t\t\t\t<div class=\"elementor-column elementor-col-100 elementor-top-column elementor-element elementor-element-ced2774\" data-id=\"ced2774\" data-element_type=\"column\" data-e-type=\"column\">\n\t\t\t<div class=\"elementor-widget-wrap elementor-element-populated\">\n\t\t\t\t\t\t<div class=\"elementor-element elementor-element-77fe596 elementor-widget elementor-widget-heading\" data-id=\"77fe596\" data-element_type=\"widget\" data-e-type=\"widget\" data-widget_type=\"heading.default\">\n\t\t\t\t\t<h1 class=\"elementor-heading-title elementor-size-default\">Nutrici\u00f3n de la mujer<\/h1>\t\t\t\t<\/div>\n\t\t\t\t\t<\/div>\n\t\t<\/div>\n\t\t\t\t\t<\/div>\n\t\t<\/section>\n\t\t\t\t<section class=\"elementor-section elementor-top-section elementor-element elementor-element-953d801 elementor-section-boxed elementor-section-height-default elementor-section-height-default\" data-id=\"953d801\" data-element_type=\"section\" data-e-type=\"section\">\n\t\t\t\t\t\t<div class=\"elementor-container elementor-column-gap-default\">\n\t\t\t\t\t<div class=\"elementor-column elementor-col-50 elementor-top-column elementor-element elementor-element-804ef44\" data-id=\"804ef44\" data-element_type=\"column\" data-e-type=\"column\">\n\t\t\t<div class=\"elementor-widget-wrap elementor-element-populated\">\n\t\t\t\t\t\t<div class=\"elementor-element elementor-element-82784b2 elementor-headline--style-highlight elementor-widget elementor-widget-animated-headline\" data-id=\"82784b2\" data-element_type=\"widget\" data-e-type=\"widget\" data-settings=\"{&quot;highlighted_text&quot;:&quot;un papel importante. &quot;,&quot;headline_style&quot;:&quot;highlight&quot;,&quot;marker&quot;:&quot;circle&quot;,&quot;loop&quot;:&quot;yes&quot;,&quot;highlight_animation_duration&quot;:1200,&quot;highlight_iteration_delay&quot;:8000}\" data-widget_type=\"animated-headline.default\">\n\t\t\t\t\t\t\t<div class=\"elementor-headline\">\n\t\t\t\t\t<span class=\"elementor-headline-plain-text elementor-headline-text-wrapper\">A lo largo de su vida, la mujer atraviesa diversas fases en las que la alimentaci\u00f3n juega <\/span>\n\t\t\t\t<span class=\"elementor-headline-dynamic-wrapper elementor-headline-text-wrapper\">\n\t\t\t\t\t<span class=\"elementor-headline-dynamic-text elementor-headline-text-active\">un papel importante. <\/span>\n\t\t\t\t<\/span>\n\t\t\t\t<\/div>\n\t\t\t\t\t\t<\/div>\n\t\t\t\t<div class=\"elementor-element elementor-element-b2eb576 elementor-widget elementor-widget-text-editor\" data-id=\"b2eb576\" data-element_type=\"widget\" data-e-type=\"widget\" data-widget_type=\"text-editor.default\">\n\t\t\t\t\t\t\t\t\t<p>Mi servicio de nutrici\u00f3n para mujeres nos facilita ajustar la dieta de la mujer seg\u00fan la fase de su vida (fertilidad, embarazo, lactancia, menopausia\u2026) y su PATOLOGIA (S\u00edndrome de ovario poliqu\u00edstico, lipedema, hipotiroidismo) promoviendo h\u00e1bitos saludables que la apoyen en el momento adecuado.<\/p><p><span style=\"font-weight: 400;\">Deseo asistirte en la adopci\u00f3n de una alimentaci\u00f3n adecuada y un estilo de vida saludable que se ajuste a tus requerimientos; estar\u00e9 contigo en cada paso para que logres tus metas\u00a0<\/span><\/p>\t\t\t\t\t\t\t\t<\/div>\n\t\t\t\t\t<\/div>\n\t\t<\/div>\n\t\t\t\t<div class=\"elementor-column elementor-col-50 elementor-top-column elementor-element elementor-element-6a28b8b\" data-id=\"6a28b8b\" data-element_type=\"column\" data-e-type=\"column\">\n\t\t\t<div class=\"elementor-widget-wrap elementor-element-populated\">\n\t\t\t\t\t\t<div class=\"elementor-element elementor-element-a5f86af elementor-widget elementor-widget-image\" data-id=\"a5f86af\" data-element_type=\"widget\" data-e-type=\"widget\" data-widget_type=\"image.default\">\n\t\t\t\t\t\t\t\t\t\t\t\t\t\t\t<img fetchpriority=\"high\" decoding=\"async\" width=\"1039\" height=\"780\" src=\"https:\/\/nutriranzu.com\/wp-content\/uploads\/2025\/12\/PXL_20251226_180749745.jpg\" class=\"attachment-full size-full wp-image-140\" alt=\"NUTRICIONISTA IRANZU P\u00c9REZ\" srcset=\"https:\/\/nutriranzu.com\/wp-content\/uploads\/2025\/12\/PXL_20251226_180749745.jpg 1039w, https:\/\/nutriranzu.com\/wp-content\/uploads\/2025\/12\/PXL_20251226_180749745-300x225.jpg 300w, https:\/\/nutriranzu.com\/wp-content\/uploads\/2025\/12\/PXL_20251226_180749745-1024x769.jpg 1024w, https:\/\/nutriranzu.com\/wp-content\/uploads\/2025\/12\/PXL_20251226_180749745-768x577.jpg 768w\" sizes=\"(max-width: 1039px) 100vw, 1039px\" \/>\t\t\t\t\t\t\t\t\t\t\t\t\t\t\t<\/div>\n\t\t\t\t\t<\/div>\n\t\t<\/div>\n\t\t\t\t\t<\/div>\n\t\t<\/section>\n\t\t\t\t<section class=\"elementor-section elementor-top-section elementor-element elementor-element-4b122f3 elementor-section-boxed elementor-section-height-default elementor-section-height-default\" data-id=\"4b122f3\" data-element_type=\"section\" data-e-type=\"section\" data-settings=\"{&quot;background_background&quot;:&quot;classic&quot;}\">\n\t\t\t\t\t\t\t<div class=\"elementor-background-overlay\"><\/div>\n\t\t\t\t\t\t\t<div class=\"elementor-container elementor-column-gap-default\">\n\t\t\t\t\t<div class=\"elementor-column elementor-col-100 elementor-top-column elementor-element elementor-element-6619a09\" data-id=\"6619a09\" data-element_type=\"column\" data-e-type=\"column\">\n\t\t\t<div class=\"elementor-widget-wrap elementor-element-populated\">\n\t\t\t\t\t\t<section class=\"elementor-section elementor-inner-section elementor-element elementor-element-9b54616 elementor-reverse-tablet elementor-reverse-mobile elementor-section-boxed elementor-section-height-default elementor-section-height-default\" data-id=\"9b54616\" data-element_type=\"section\" data-e-type=\"section\">\n\t\t\t\t\t\t<div class=\"elementor-container elementor-column-gap-default\">\n\t\t\t\t\t<div class=\"elementor-column elementor-col-50 elementor-inner-column elementor-element elementor-element-ce12586\" data-id=\"ce12586\" data-element_type=\"column\" data-e-type=\"column\">\n\t\t\t<div class=\"elementor-widget-wrap elementor-element-populated\">\n\t\t\t\t\t\t<div class=\"elementor-element elementor-element-ec95617 elementor-widget elementor-widget-image\" data-id=\"ec95617\" data-element_type=\"widget\" data-e-type=\"widget\" data-widget_type=\"image.default\">\n\t\t\t\t\t\t\t\t\t\t\t\t\t\t\t<img decoding=\"async\" width=\"800\" height=\"534\" src=\"https:\/\/nutriranzu.com\/wp-content\/uploads\/2026\/01\/nutriranzu-como-trabajo-1024x683.jpg\" class=\"attachment-large size-large wp-image-476\" alt=\"nutricionista en estella\" srcset=\"https:\/\/nutriranzu.com\/wp-content\/uploads\/2026\/01\/nutriranzu-como-trabajo-1024x683.jpg 1024w, https:\/\/nutriranzu.com\/wp-content\/uploads\/2026\/01\/nutriranzu-como-trabajo-300x200.jpg 300w, https:\/\/nutriranzu.com\/wp-content\/uploads\/2026\/01\/nutriranzu-como-trabajo-768x512.jpg 768w, https:\/\/nutriranzu.com\/wp-content\/uploads\/2026\/01\/nutriranzu-como-trabajo.jpg 1536w\" sizes=\"(max-width: 800px) 100vw, 800px\" \/>\t\t\t\t\t\t\t\t\t\t\t\t\t\t\t<\/div>\n\t\t\t\t\t<\/div>\n\t\t<\/div>\n\t\t\t\t<div class=\"elementor-column elementor-col-50 elementor-inner-column elementor-element elementor-element-4b2b4ad\" data-id=\"4b2b4ad\" data-element_type=\"column\" data-e-type=\"column\">\n\t\t\t<div class=\"elementor-widget-wrap elementor-element-populated\">\n\t\t\t\t\t\t<div class=\"elementor-element elementor-element-b6fa9a2 elementor-widget elementor-widget-heading\" data-id=\"b6fa9a2\" data-element_type=\"widget\" data-e-type=\"widget\" data-widget_type=\"heading.default\">\n\t\t\t\t\t<div class=\"elementor-heading-title elementor-size-default\">PROCESO<\/div>\t\t\t\t<\/div>\n\t\t\t\t<div class=\"elementor-element elementor-element-aa0a30a elementor-widget elementor-widget-heading\" data-id=\"aa0a30a\" data-element_type=\"widget\" data-e-type=\"widget\" data-widget_type=\"heading.default\">\n\t\t\t\t\t<div class=\"elementor-heading-title elementor-size-default\">C\u00f3mo trabajo\n<\/div>\t\t\t\t<\/div>\n\t\t\t\t<div class=\"elementor-element elementor-element-ee78e9e elementor-widget elementor-widget-text-editor\" data-id=\"ee78e9e\" data-element_type=\"widget\" data-e-type=\"widget\" data-widget_type=\"text-editor.default\">\n\t\t\t\t\t\t\t\t\t<p><strong>Mi enfoque en todo momento es el paciente, por ello yo me adapto a ti. Siempre trabajo desde la \u00faltima evidencia cient\u00edfica.\u00a0<\/strong><\/p><p><span style=\"font-weight: 400;\">Cada plan de alimentaci\u00f3n es completamente individualizado, teniendo en cuenta tu estilo de vida, hobbies y objetivos. De este modo recibir\u00e1s un asesoramiento nutricional de calidad, cercano, respaldado con la \u00faltima evidencia cient\u00edfica.\u00a0<\/span><\/p><p><span style=\"font-weight: 400;\">Para ello t<\/span><span style=\"font-weight: 400;\">e tengo que conocer: <\/span><\/p><p><span style=\"font-weight: 400;\">Conocer tu historial m\u00e9dico, enfermedades, an\u00e1lisis, h\u00e1bitos\u2026 \u00bfTienes una alimentaci\u00f3n correcta? Es necesario entender c\u00f3mo es el estilo de alimentaci\u00f3n, incluyendo porciones, tipos de alimentos, gustos y horarios. <\/span><\/p><p><span style=\"font-weight: 400;\">Despu\u00e9s de revisar tu historia m\u00e9dica y tus costumbres alimenticias, estableceremos un plan de acci\u00f3n con metas alcanzables que seguiremos hasta lograr el objetivo final. Y siempre colaborando en la educaci\u00f3n nutricional\u00a0<\/span><\/p>\t\t\t\t\t\t\t\t<\/div>\n\t\t\t\t\t<\/div>\n\t\t<\/div>\n\t\t\t\t\t<\/div>\n\t\t<\/section>\n\t\t\t\t\t<\/div>\n\t\t<\/div>\n\t\t\t\t\t<\/div>\n\t\t<\/section>\n\t\t\t\t<section class=\"elementor-section elementor-top-section elementor-element elementor-element-31eb2b5 elementor-section-boxed elementor-section-height-default elementor-section-height-default\" data-id=\"31eb2b5\" data-element_type=\"section\" data-e-type=\"section\" data-settings=\"{&quot;background_background&quot;:&quot;classic&quot;}\">\n\t\t\t\t\t\t\t<div class=\"elementor-background-overlay\"><\/div>\n\t\t\t\t\t\t\t<div class=\"elementor-container elementor-column-gap-default\">\n\t\t\t\t\t<div class=\"elementor-column elementor-col-100 elementor-top-column elementor-element elementor-element-1abe98c\" data-id=\"1abe98c\" data-element_type=\"column\" data-e-type=\"column\" data-settings=\"{&quot;background_background&quot;:&quot;classic&quot;}\">\n\t\t\t<div class=\"elementor-widget-wrap elementor-element-populated\">\n\t\t\t\t\t<div class=\"elementor-background-overlay\"><\/div>\n\t\t\t\t\t\t<div class=\"elementor-element elementor-element-0b29644 elementor-widget elementor-widget-heading\" data-id=\"0b29644\" data-element_type=\"widget\" data-e-type=\"widget\" data-widget_type=\"heading.default\">\n\t\t\t\t\t<h2 class=\"elementor-heading-title elementor-size-default\">Sobre la primera consulta\n<\/h2>\t\t\t\t<\/div>\n\t\t\t\t<div class=\"elementor-element elementor-element-6901def elementor-widget elementor-widget-text-editor\" data-id=\"6901def\" data-element_type=\"widget\" data-e-type=\"widget\" data-widget_type=\"text-editor.default\">\n\t\t\t\t\t\t\t\t\t<p><span style=\"font-weight: 400;\">En esta primera consulta diet\u00e9tica realizaremos una entrevista centrada en tu historia cl\u00ednica \/ diet\u00e9tica, estableceremos los objetivos, y te daremos algunos consejos b\u00e1sicos sobre alimentaci\u00f3n saludable, compra, rutinas y cocina.\u00a0<\/span><\/p><p><span style=\"font-weight: 400;\">Tambi\u00e9n realizaremos un estudio de tu composici\u00f3n corporal por bioimpedancia o mediante antropometr\u00eda.\u00a0<\/span><\/p><p><span style=\"font-weight: 400;\">En las consultas online, te daremos indicaciones para el pesaje y el volumen. No siempre necesitamos estos datos y son totalmente opcionales\u00a0<\/span><\/p>\t\t\t\t\t\t\t\t<\/div>\n\t\t\t\t<div class=\"elementor-element elementor-element-c969b75 elementor-mobile-align-center elementor-align-center elementor-widget elementor-widget-button\" data-id=\"c969b75\" data-element_type=\"widget\" data-e-type=\"widget\" data-widget_type=\"button.default\">\n\t\t\t\t\t\t\t\t\t\t<a class=\"elementor-button elementor-button-link elementor-size-md elementor-animation-wobble-horizontal\" href=\"https:\/\/nutriranzu.com\/eu\/contacto\/\">\n\t\t\t\t\t\t<span class=\"elementor-button-content-wrapper\">\n\t\t\t\t\t\t\t\t\t<span class=\"elementor-button-text\">\u00bfTe apuntas?<\/span>\n\t\t\t\t\t<\/span>\n\t\t\t\t\t<\/a>\n\t\t\t\t\t\t\t\t<\/div>\n\t\t\t\t\t<\/div>\n\t\t<\/div>\n\t\t\t\t\t<\/div>\n\t\t<\/section>\n\t\t\t\t<\/div>","protected":false},"excerpt":{"rendered":"<p>Nutrici\u00f3n de la mujer A lo largo de su vida, la mujer atraviesa diversas fases en las que la alimentaci\u00f3n juega un papel importante. Mi servicio de nutrici\u00f3n para mujeres nos facilita ajustar la dieta de la mujer seg\u00fan la fase de su vida (fertilidad, embarazo, lactancia, menopausia\u2026) y su PATOLOGIA (S\u00edndrome de ovario poliqu\u00edstico, [&hellip;]<\/p>\n","protected":false},"author":1,"featured_media":0,"parent":0,"menu_order":0,"comment_status":"closed","ping_status":"closed","template":"","meta":{"footnotes":""},"class_list":["post-297","page","type-page","status-publish","hentry"],"yoast_head":"<!-- This site is optimized with the Yoast SEO plugin v27.3 - https:\/\/yoast.com\/product\/yoast-seo-wordpress\/ -->\n<title>Nutrici\u00f3n de la mujer - Nutricionista Iranzu P\u00e9rez<\/title>\n<meta name=\"robots\" content=\"index, follow, max-snippet:-1, max-image-preview:large, max-video-preview:-1\" \/>\n<link rel=\"canonical\" href=\"https:\/\/nutriranzu.com\/eu\/nutricion-de-la-mujer\/\" \/>\n<meta property=\"og:locale\" content=\"en_US\" \/>\n<meta property=\"og:type\" content=\"article\" \/>\n<meta property=\"og:title\" content=\"Nutrici\u00f3n de la mujer - Nutricionista Iranzu P\u00e9rez\" \/>\n<meta property=\"og:description\" content=\"Nutrici\u00f3n de la mujer A lo largo de su vida, la mujer atraviesa diversas fases en las que la alimentaci\u00f3n juega un papel importante. Mi servicio de nutrici\u00f3n para mujeres nos facilita ajustar la dieta de la mujer seg\u00fan la fase de su vida (fertilidad, embarazo, lactancia, menopausia\u2026) y su PATOLOGIA (S\u00edndrome de ovario poliqu\u00edstico, [&hellip;]\" \/>\n<meta property=\"og:url\" content=\"https:\/\/nutriranzu.com\/eu\/nutricion-de-la-mujer\/\" \/>\n<meta property=\"og:site_name\" content=\"Nutricionista Iranzu P\u00e9rez\" \/>\n<meta property=\"article:modified_time\" content=\"2026-01-27T14:59:42+00:00\" \/>\n<meta property=\"og:image\" content=\"https:\/\/nutriranzu.com\/wp-content\/uploads\/2025\/12\/PXL_20251226_180749745.jpg\" \/>\n\t<meta property=\"og:image:width\" content=\"1039\" \/>\n\t<meta property=\"og:image:height\" content=\"780\" \/>\n\t<meta property=\"og:image:type\" content=\"image\/jpeg\" \/>\n<meta name=\"twitter:card\" content=\"summary_large_image\" \/>\n<meta name=\"twitter:label1\" content=\"Est. reading time\" \/>\n\t<meta name=\"twitter:data1\" content=\"2 minutua\" \/>\n<script type=\"application\/ld+json\" class=\"yoast-schema-graph\">{\"@context\":\"https:\\\/\\\/schema.org\",\"@graph\":[{\"@type\":\"WebPage\",\"@id\":\"https:\\\/\\\/nutriranzu.com\\\/nutricion-de-la-mujer\\\/\",\"url\":\"https:\\\/\\\/nutriranzu.com\\\/nutricion-de-la-mujer\\\/\",\"name\":\"Nutrici\u00f3n de la mujer - Nutricionista Iranzu P\u00e9rez\",\"isPartOf\":{\"@id\":\"https:\\\/\\\/nutriranzu.com\\\/#website\"},\"primaryImageOfPage\":{\"@id\":\"https:\\\/\\\/nutriranzu.com\\\/nutricion-de-la-mujer\\\/#primaryimage\"},\"image\":{\"@id\":\"https:\\\/\\\/nutriranzu.com\\\/nutricion-de-la-mujer\\\/#primaryimage\"},\"thumbnailUrl\":\"https:\\\/\\\/nutriranzu.com\\\/wp-content\\\/uploads\\\/2025\\\/12\\\/PXL_20251226_180749745.jpg\",\"datePublished\":\"2025-12-30T10:30:20+00:00\",\"dateModified\":\"2026-01-27T14:59:42+00:00\",\"breadcrumb\":{\"@id\":\"https:\\\/\\\/nutriranzu.com\\\/nutricion-de-la-mujer\\\/#breadcrumb\"},\"inLanguage\":\"eu\",\"potentialAction\":[{\"@type\":\"ReadAction\",\"target\":[\"https:\\\/\\\/nutriranzu.com\\\/nutricion-de-la-mujer\\\/\"]}]},{\"@type\":\"ImageObject\",\"inLanguage\":\"eu\",\"@id\":\"https:\\\/\\\/nutriranzu.com\\\/nutricion-de-la-mujer\\\/#primaryimage\",\"url\":\"https:\\\/\\\/nutriranzu.com\\\/wp-content\\\/uploads\\\/2025\\\/12\\\/PXL_20251226_180749745.jpg\",\"contentUrl\":\"https:\\\/\\\/nutriranzu.com\\\/wp-content\\\/uploads\\\/2025\\\/12\\\/PXL_20251226_180749745.jpg\"},{\"@type\":\"BreadcrumbList\",\"@id\":\"https:\\\/\\\/nutriranzu.com\\\/nutricion-de-la-mujer\\\/#breadcrumb\",\"itemListElement\":[{\"@type\":\"ListItem\",\"position\":1,\"name\":\"Portada\",\"item\":\"https:\\\/\\\/nutriranzu.com\\\/\"},{\"@type\":\"ListItem\",\"position\":2,\"name\":\"Nutrici\u00f3n de la mujer\"}]},{\"@type\":\"WebSite\",\"@id\":\"https:\\\/\\\/nutriranzu.com\\\/#website\",\"url\":\"https:\\\/\\\/nutriranzu.com\\\/\",\"name\":\"Nutricionista Iranzu P\u00e9rez\",\"description\":\"Nutricionista en Estella\",\"publisher\":{\"@id\":\"https:\\\/\\\/nutriranzu.com\\\/#organization\"},\"potentialAction\":[{\"@type\":\"SearchAction\",\"target\":{\"@type\":\"EntryPoint\",\"urlTemplate\":\"https:\\\/\\\/nutriranzu.com\\\/?s={search_term_string}\"},\"query-input\":{\"@type\":\"PropertyValueSpecification\",\"valueRequired\":true,\"valueName\":\"search_term_string\"}}],\"inLanguage\":\"eu\"},{\"@type\":\"Organization\",\"@id\":\"https:\\\/\\\/nutriranzu.com\\\/#organization\",\"name\":\"Nutricionista Iranzu P\u00e9rez\",\"url\":\"https:\\\/\\\/nutriranzu.com\\\/\",\"logo\":{\"@type\":\"ImageObject\",\"inLanguage\":\"eu\",\"@id\":\"https:\\\/\\\/nutriranzu.com\\\/#\\\/schema\\\/logo\\\/image\\\/\",\"url\":\"https:\\\/\\\/nutriranzu.com\\\/wp-content\\\/uploads\\\/2025\\\/12\\\/Para-tarjeta-logo.png\",\"contentUrl\":\"https:\\\/\\\/nutriranzu.com\\\/wp-content\\\/uploads\\\/2025\\\/12\\\/Para-tarjeta-logo.png\",\"width\":500,\"height\":500,\"caption\":\"Nutricionista Iranzu P\u00e9rez\"},\"image\":{\"@id\":\"https:\\\/\\\/nutriranzu.com\\\/#\\\/schema\\\/logo\\\/image\\\/\"},\"sameAs\":[\"https:\\\/\\\/www.instagram.com\\\/nutriranzu\\\/\"]}]}<\/script>\n<!-- \/ Yoast SEO plugin. -->","yoast_head_json":{"title":"Nutrici\u00f3n de la mujer - Nutricionista Iranzu P\u00e9rez","robots":{"index":"index","follow":"follow","max-snippet":"max-snippet:-1","max-image-preview":"max-image-preview:large","max-video-preview":"max-video-preview:-1"},"canonical":"https:\/\/nutriranzu.com\/eu\/nutricion-de-la-mujer\/","og_locale":"en_US","og_type":"article","og_title":"Nutrici\u00f3n de la mujer - Nutricionista Iranzu P\u00e9rez","og_description":"Nutrici\u00f3n de la mujer A lo largo de su vida, la mujer atraviesa diversas fases en las que la alimentaci\u00f3n juega un papel importante. Mi servicio de nutrici\u00f3n para mujeres nos facilita ajustar la dieta de la mujer seg\u00fan la fase de su vida (fertilidad, embarazo, lactancia, menopausia\u2026) y su PATOLOGIA (S\u00edndrome de ovario poliqu\u00edstico, [&hellip;]","og_url":"https:\/\/nutriranzu.com\/eu\/nutricion-de-la-mujer\/","og_site_name":"Nutricionista Iranzu P\u00e9rez","article_modified_time":"2026-01-27T14:59:42+00:00","og_image":[{"width":1039,"height":780,"url":"https:\/\/nutriranzu.com\/wp-content\/uploads\/2025\/12\/PXL_20251226_180749745.jpg","type":"image\/jpeg"}],"twitter_card":"summary_large_image","twitter_misc":{"Est. reading time":"2 minutua"},"schema":{"@context":"https:\/\/schema.org","@graph":[{"@type":"WebPage","@id":"https:\/\/nutriranzu.com\/nutricion-de-la-mujer\/","url":"https:\/\/nutriranzu.com\/nutricion-de-la-mujer\/","name":"Nutrici\u00f3n de la mujer - Nutricionista Iranzu P\u00e9rez","isPartOf":{"@id":"https:\/\/nutriranzu.com\/#website"},"primaryImageOfPage":{"@id":"https:\/\/nutriranzu.com\/nutricion-de-la-mujer\/#primaryimage"},"image":{"@id":"https:\/\/nutriranzu.com\/nutricion-de-la-mujer\/#primaryimage"},"thumbnailUrl":"https:\/\/nutriranzu.com\/wp-content\/uploads\/2025\/12\/PXL_20251226_180749745.jpg","datePublished":"2025-12-30T10:30:20+00:00","dateModified":"2026-01-27T14:59:42+00:00","breadcrumb":{"@id":"https:\/\/nutriranzu.com\/nutricion-de-la-mujer\/#breadcrumb"},"inLanguage":"eu","potentialAction":[{"@type":"ReadAction","target":["https:\/\/nutriranzu.com\/nutricion-de-la-mujer\/"]}]},{"@type":"ImageObject","inLanguage":"eu","@id":"https:\/\/nutriranzu.com\/nutricion-de-la-mujer\/#primaryimage","url":"https:\/\/nutriranzu.com\/wp-content\/uploads\/2025\/12\/PXL_20251226_180749745.jpg","contentUrl":"https:\/\/nutriranzu.com\/wp-content\/uploads\/2025\/12\/PXL_20251226_180749745.jpg"},{"@type":"BreadcrumbList","@id":"https:\/\/nutriranzu.com\/nutricion-de-la-mujer\/#breadcrumb","itemListElement":[{"@type":"ListItem","position":1,"name":"Portada","item":"https:\/\/nutriranzu.com\/"},{"@type":"ListItem","position":2,"name":"Nutrici\u00f3n de la mujer"}]},{"@type":"WebSite","@id":"https:\/\/nutriranzu.com\/#website","url":"https:\/\/nutriranzu.com\/","name":"Nutricionista Iranzu P\u00e9rez","description":"Nutricionista en Estella","publisher":{"@id":"https:\/\/nutriranzu.com\/#organization"},"potentialAction":[{"@type":"SearchAction","target":{"@type":"EntryPoint","urlTemplate":"https:\/\/nutriranzu.com\/?s={search_term_string}"},"query-input":{"@type":"PropertyValueSpecification","valueRequired":true,"valueName":"search_term_string"}}],"inLanguage":"eu"},{"@type":"Organization","@id":"https:\/\/nutriranzu.com\/#organization","name":"Nutricionista Iranzu P\u00e9rez","url":"https:\/\/nutriranzu.com\/","logo":{"@type":"ImageObject","inLanguage":"eu","@id":"https:\/\/nutriranzu.com\/#\/schema\/logo\/image\/","url":"https:\/\/nutriranzu.com\/wp-content\/uploads\/2025\/12\/Para-tarjeta-logo.png","contentUrl":"https:\/\/nutriranzu.com\/wp-content\/uploads\/2025\/12\/Para-tarjeta-logo.png","width":500,"height":500,"caption":"Nutricionista Iranzu P\u00e9rez"},"image":{"@id":"https:\/\/nutriranzu.com\/#\/schema\/logo\/image\/"},"sameAs":["https:\/\/www.instagram.com\/nutriranzu\/"]}]}},"_links":{"self":[{"href":"https:\/\/nutriranzu.com\/eu\/wp-json\/wp\/v2\/pages\/297","targetHints":{"allow":["GET"]}}],"collection":[{"href":"https:\/\/nutriranzu.com\/eu\/wp-json\/wp\/v2\/pages"}],"about":[{"href":"https:\/\/nutriranzu.com\/eu\/wp-json\/wp\/v2\/types\/page"}],"author":[{"embeddable":true,"href":"https:\/\/nutriranzu.com\/eu\/wp-json\/wp\/v2\/users\/1"}],"replies":[{"embeddable":true,"href":"https:\/\/nutriranzu.com\/eu\/wp-json\/wp\/v2\/comments?post=297"}],"version-history":[{"count":10,"href":"https:\/\/nutriranzu.com\/eu\/wp-json\/wp\/v2\/pages\/297\/revisions"}],"predecessor-version":[{"id":507,"href":"https:\/\/nutriranzu.com\/eu\/wp-json\/wp\/v2\/pages\/297\/revisions\/507"}],"wp:attachment":[{"href":"https:\/\/nutriranzu.com\/eu\/wp-json\/wp\/v2\/media?parent=297"}],"curies":[{"name":"wp","href":"https:\/\/api.w.org\/{rel}","templated":true}]}}