{"id":158,"date":"2025-12-29T12:10:22","date_gmt":"2025-12-29T12:10:22","guid":{"rendered":"https:\/\/nutriranzu.com\/?page_id=158"},"modified":"2025-12-30T11:14:07","modified_gmt":"2025-12-30T11:14:07","slug":"quien-soy","status":"publish","type":"page","link":"https:\/\/nutriranzu.com\/eu\/quien-soy\/","title":{"rendered":"Sobre m\u00ed"},"content":{"rendered":"<div data-elementor-type=\"wp-page\" data-elementor-id=\"158\" class=\"elementor elementor-158\" data-elementor-post-type=\"page\">\n\t\t\t\t\t\t<section class=\"elementor-section elementor-top-section elementor-element elementor-element-7b1ed1b elementor-section-height-min-height elementor-section-boxed elementor-section-height-default elementor-section-items-middle\" data-id=\"7b1ed1b\" data-element_type=\"section\" data-e-type=\"section\" data-settings=\"{&quot;background_background&quot;:&quot;classic&quot;,&quot;shape_divider_bottom&quot;:&quot;curve-asymmetrical&quot;,&quot;shape_divider_bottom_negative&quot;:&quot;yes&quot;}\">\n\t\t\t\t\t\t\t<div class=\"elementor-background-overlay\"><\/div>\n\t\t\t\t\t\t<div class=\"elementor-shape elementor-shape-bottom\" aria-hidden=\"true\" data-negative=\"true\">\n\t\t\t<svg xmlns=\"http:\/\/www.w3.org\/2000\/svg\" viewbox=\"0 0 1000 100\" preserveaspectratio=\"none\">\n\t<path class=\"elementor-shape-fill\" d=\"M615.2,96.7C240.2,97.8,0,18.9,0,0v100h1000V0C1000,19.2,989.8,96,615.2,96.7z\"\/>\n<\/svg>\t\t<\/div>\n\t\t\t\t\t<div class=\"elementor-container elementor-column-gap-default\">\n\t\t\t\t\t<div class=\"elementor-column elementor-col-100 elementor-top-column elementor-element elementor-element-3072cb5\" data-id=\"3072cb5\" data-element_type=\"column\" data-e-type=\"column\">\n\t\t\t<div class=\"elementor-widget-wrap elementor-element-populated\">\n\t\t\t\t\t\t<div class=\"elementor-element elementor-element-abef1bc elementor-widget elementor-widget-heading\" data-id=\"abef1bc\" data-element_type=\"widget\" data-e-type=\"widget\" data-widget_type=\"heading.default\">\n\t\t\t\t\t<h1 class=\"elementor-heading-title elementor-size-default\">Sobre m\u00ed<\/h1>\t\t\t\t<\/div>\n\t\t\t\t\t<\/div>\n\t\t<\/div>\n\t\t\t\t\t<\/div>\n\t\t<\/section>\n\t\t\t\t<section class=\"elementor-section elementor-top-section elementor-element elementor-element-96dae91 elementor-section-boxed elementor-section-height-default elementor-section-height-default\" data-id=\"96dae91\" data-element_type=\"section\" data-e-type=\"section\">\n\t\t\t\t\t\t<div class=\"elementor-container elementor-column-gap-default\">\n\t\t\t\t\t<div class=\"elementor-column elementor-col-50 elementor-top-column elementor-element elementor-element-6d3492f\" data-id=\"6d3492f\" data-element_type=\"column\" data-e-type=\"column\">\n\t\t\t<div class=\"elementor-widget-wrap elementor-element-populated\">\n\t\t\t\t\t\t<div class=\"elementor-element elementor-element-b57deb4 elementor-widget elementor-widget-heading\" data-id=\"b57deb4\" data-element_type=\"widget\" data-e-type=\"widget\" data-widget_type=\"heading.default\">\n\t\t\t\t\t<h2 class=\"elementor-heading-title elementor-size-default\">\u00a1Hola! Soy Iranzu P\u00e9rez<\/h2>\t\t\t\t<\/div>\n\t\t\t\t<div class=\"elementor-element elementor-element-f47e542 elementor-widget elementor-widget-text-editor\" data-id=\"f47e542\" data-element_type=\"widget\" data-e-type=\"widget\" data-widget_type=\"text-editor.default\">\n\t\t\t\t\t\t\t\t\t<p data-start=\"191\" data-end=\"528\">Soy <strong data-start=\"195\" data-end=\"241\"><em data-start=\"197\" data-end=\"239\">Graduada en Nutrici\u00f3n Humana y Diet\u00e9tica<\/em><\/strong> por la <strong data-start=\"249\" data-end=\"283\">Universidad Alfonso X el Sabio<\/strong>. Tras completar el <strong data-start=\"303\" data-end=\"363\"><em data-start=\"305\" data-end=\"361\">m\u00e1ster en nutrici\u00f3n aplicada a deportes de resistencia<\/em><\/strong>, tuve la oportunidad de formar parte de la <strong data-start=\"407\" data-end=\"429\">Rafa Nadal Academy<\/strong>, una experiencia que supuso un gran crecimiento tanto a nivel <strong data-start=\"492\" data-end=\"504\">personal<\/strong> como <strong data-start=\"510\" data-end=\"525\">profesional<\/strong>.<\/p><p data-start=\"530\" data-end=\"768\">Un a\u00f1o despu\u00e9s, decid\u00ed profundizar mi formaci\u00f3n y <strong data-start=\"580\" data-end=\"658\"><em data-start=\"582\" data-end=\"656\">especializarme en Trastornos de la Conducta Alimentaria (TCA) y Obesidad<\/em><\/strong>, ya que en el \u00e1mbito deportivo muchos de estos trastornos <strong data-start=\"717\" data-end=\"767\">pueden pasar desapercibidos o estar camuflados<\/strong>.<\/p><p data-start=\"770\" data-end=\"1077\">La <strong data-start=\"773\" data-end=\"788\"><em data-start=\"775\" data-end=\"786\">nutrici\u00f3n<\/em><\/strong> es un <strong data-start=\"795\" data-end=\"813\">pilar esencial<\/strong> para alcanzar un verdadero estado de <strong data-start=\"851\" data-end=\"872\">bienestar y salud<\/strong> en cada persona. Sin embargo, en la actualidad, el <strong data-start=\"924\" data-end=\"937\">marketing<\/strong>, las <strong data-start=\"943\" data-end=\"952\">modas<\/strong> y la <strong data-start=\"958\" data-end=\"1011\">sobrecarga de informaci\u00f3n sin respaldo cient\u00edfico<\/strong> dificultan distinguir qu\u00e9 alimentos son realmente beneficiosos.<\/p><p data-start=\"1079\" data-end=\"1345\">Por ello, uno de los aspectos que m\u00e1s valoro de mi trabajo es la <strong data-start=\"1144\" data-end=\"1218\"><em data-start=\"1146\" data-end=\"1216\">divulgaci\u00f3n de informaci\u00f3n rigurosa y basada en evidencia cient\u00edfica<\/em><\/strong>, as\u00ed como el <strong data-start=\"1232\" data-end=\"1265\">fomento de h\u00e1bitos saludables<\/strong> que ayuden a las personas a <strong data-start=\"1294\" data-end=\"1344\">comprender la nutrici\u00f3n m\u00e1s all\u00e1 del marketing<\/strong>.<\/p>\t\t\t\t\t\t\t\t<\/div>\n\t\t\t\t<div class=\"elementor-element elementor-element-39fb6f7 elementor-mobile-align-center elementor-align-left elementor-widget elementor-widget-button\" data-id=\"39fb6f7\" data-element_type=\"widget\" data-e-type=\"widget\" data-widget_type=\"button.default\">\n\t\t\t\t\t\t\t\t\t\t<a class=\"elementor-button elementor-button-link elementor-size-md elementor-animation-wobble-horizontal\" href=\"https:\/\/nutriranzu.com\/eu\/contacto\/\">\n\t\t\t\t\t\t<span class=\"elementor-button-content-wrapper\">\n\t\t\t\t\t\t\t\t\t<span class=\"elementor-button-text\">Contacto<\/span>\n\t\t\t\t\t<\/span>\n\t\t\t\t\t<\/a>\n\t\t\t\t\t\t\t\t<\/div>\n\t\t\t\t\t<\/div>\n\t\t<\/div>\n\t\t\t\t<div class=\"elementor-column elementor-col-50 elementor-top-column elementor-element elementor-element-2376e30\" data-id=\"2376e30\" data-element_type=\"column\" data-e-type=\"column\">\n\t\t\t<div class=\"elementor-widget-wrap elementor-element-populated\">\n\t\t\t\t\t\t<div class=\"elementor-element elementor-element-d0e8400 elementor-widget elementor-widget-image\" data-id=\"d0e8400\" data-element_type=\"widget\" data-e-type=\"widget\" data-widget_type=\"image.default\">\n\t\t\t\t\t\t\t\t\t\t\t\t\t\t\t<img fetchpriority=\"high\" decoding=\"async\" width=\"623\" height=\"780\" src=\"https:\/\/nutriranzu.com\/wp-content\/uploads\/2025\/12\/251226_IranzuConsulta_010.jpg\" class=\"attachment-full size-full wp-image-138\" alt=\"NUTRICI\u00d3N IRANZU P\u00c9REZ\" srcset=\"https:\/\/nutriranzu.com\/wp-content\/uploads\/2025\/12\/251226_IranzuConsulta_010.jpg 623w, https:\/\/nutriranzu.com\/wp-content\/uploads\/2025\/12\/251226_IranzuConsulta_010-240x300.jpg 240w\" sizes=\"(max-width: 623px) 100vw, 623px\" \/>\t\t\t\t\t\t\t\t\t\t\t\t\t\t\t<\/div>\n\t\t\t\t\t<\/div>\n\t\t<\/div>\n\t\t\t\t\t<\/div>\n\t\t<\/section>\n\t\t\t\t<\/div>","protected":false},"excerpt":{"rendered":"<p>Sobre m\u00ed \u00a1Hola! Soy Iranzu P\u00e9rez Soy Graduada en Nutrici\u00f3n Humana y Diet\u00e9tica por la Universidad Alfonso X el Sabio. Tras completar el m\u00e1ster en nutrici\u00f3n aplicada a deportes de resistencia, tuve la oportunidad de formar parte de la Rafa Nadal Academy, una experiencia que supuso un gran crecimiento tanto a nivel personal como profesional. [&hellip;]<\/p>\n","protected":false},"author":1,"featured_media":0,"parent":0,"menu_order":0,"comment_status":"closed","ping_status":"closed","template":"","meta":{"footnotes":""},"class_list":["post-158","page","type-page","status-publish","hentry"],"yoast_head":"<!-- This site is optimized with the Yoast SEO plugin v27.3 - https:\/\/yoast.com\/product\/yoast-seo-wordpress\/ -->\n<title>Sobre m\u00ed - Nutricionista Iranzu P\u00e9rez<\/title>\n<meta name=\"robots\" content=\"index, follow, max-snippet:-1, max-image-preview:large, max-video-preview:-1\" \/>\n<link rel=\"canonical\" href=\"https:\/\/nutriranzu.com\/eu\/quien-soy\/\" \/>\n<meta property=\"og:locale\" content=\"en_US\" \/>\n<meta property=\"og:type\" content=\"article\" \/>\n<meta property=\"og:title\" content=\"Sobre m\u00ed - Nutricionista Iranzu P\u00e9rez\" \/>\n<meta property=\"og:description\" content=\"Sobre m\u00ed \u00a1Hola! Soy Iranzu P\u00e9rez Soy Graduada en Nutrici\u00f3n Humana y Diet\u00e9tica por la Universidad Alfonso X el Sabio. Tras completar el m\u00e1ster en nutrici\u00f3n aplicada a deportes de resistencia, tuve la oportunidad de formar parte de la Rafa Nadal Academy, una experiencia que supuso un gran crecimiento tanto a nivel personal como profesional. [&hellip;]\" \/>\n<meta property=\"og:url\" content=\"https:\/\/nutriranzu.com\/eu\/quien-soy\/\" \/>\n<meta property=\"og:site_name\" content=\"Nutricionista Iranzu P\u00e9rez\" \/>\n<meta property=\"article:modified_time\" content=\"2025-12-30T11:14:07+00:00\" \/>\n<meta property=\"og:image\" content=\"https:\/\/nutriranzu.com\/wp-content\/uploads\/2025\/12\/251226_IranzuConsulta_010.jpg\" \/>\n\t<meta property=\"og:image:width\" content=\"623\" \/>\n\t<meta property=\"og:image:height\" content=\"780\" \/>\n\t<meta property=\"og:image:type\" content=\"image\/jpeg\" \/>\n<meta name=\"twitter:card\" content=\"summary_large_image\" \/>\n<meta name=\"twitter:label1\" content=\"Est. reading time\" \/>\n\t<meta name=\"twitter:data1\" content=\"1 minutua\" \/>\n<script type=\"application\/ld+json\" class=\"yoast-schema-graph\">{\"@context\":\"https:\\\/\\\/schema.org\",\"@graph\":[{\"@type\":\"WebPage\",\"@id\":\"https:\\\/\\\/nutriranzu.com\\\/quien-soy\\\/\",\"url\":\"https:\\\/\\\/nutriranzu.com\\\/quien-soy\\\/\",\"name\":\"Sobre m\u00ed - Nutricionista Iranzu P\u00e9rez\",\"isPartOf\":{\"@id\":\"https:\\\/\\\/nutriranzu.com\\\/#website\"},\"primaryImageOfPage\":{\"@id\":\"https:\\\/\\\/nutriranzu.com\\\/quien-soy\\\/#primaryimage\"},\"image\":{\"@id\":\"https:\\\/\\\/nutriranzu.com\\\/quien-soy\\\/#primaryimage\"},\"thumbnailUrl\":\"https:\\\/\\\/nutriranzu.com\\\/wp-content\\\/uploads\\\/2025\\\/12\\\/251226_IranzuConsulta_010.jpg\",\"datePublished\":\"2025-12-29T12:10:22+00:00\",\"dateModified\":\"2025-12-30T11:14:07+00:00\",\"breadcrumb\":{\"@id\":\"https:\\\/\\\/nutriranzu.com\\\/quien-soy\\\/#breadcrumb\"},\"inLanguage\":\"eu\",\"potentialAction\":[{\"@type\":\"ReadAction\",\"target\":[\"https:\\\/\\\/nutriranzu.com\\\/quien-soy\\\/\"]}]},{\"@type\":\"ImageObject\",\"inLanguage\":\"eu\",\"@id\":\"https:\\\/\\\/nutriranzu.com\\\/quien-soy\\\/#primaryimage\",\"url\":\"https:\\\/\\\/nutriranzu.com\\\/wp-content\\\/uploads\\\/2025\\\/12\\\/251226_IranzuConsulta_010.jpg\",\"contentUrl\":\"https:\\\/\\\/nutriranzu.com\\\/wp-content\\\/uploads\\\/2025\\\/12\\\/251226_IranzuConsulta_010.jpg\"},{\"@type\":\"BreadcrumbList\",\"@id\":\"https:\\\/\\\/nutriranzu.com\\\/quien-soy\\\/#breadcrumb\",\"itemListElement\":[{\"@type\":\"ListItem\",\"position\":1,\"name\":\"Portada\",\"item\":\"https:\\\/\\\/nutriranzu.com\\\/\"},{\"@type\":\"ListItem\",\"position\":2,\"name\":\"Sobre m\u00ed\"}]},{\"@type\":\"WebSite\",\"@id\":\"https:\\\/\\\/nutriranzu.com\\\/#website\",\"url\":\"https:\\\/\\\/nutriranzu.com\\\/\",\"name\":\"Nutricionista Iranzu P\u00e9rez\",\"description\":\"Nutricionista en Estella\",\"publisher\":{\"@id\":\"https:\\\/\\\/nutriranzu.com\\\/#organization\"},\"potentialAction\":[{\"@type\":\"SearchAction\",\"target\":{\"@type\":\"EntryPoint\",\"urlTemplate\":\"https:\\\/\\\/nutriranzu.com\\\/?s={search_term_string}\"},\"query-input\":{\"@type\":\"PropertyValueSpecification\",\"valueRequired\":true,\"valueName\":\"search_term_string\"}}],\"inLanguage\":\"eu\"},{\"@type\":\"Organization\",\"@id\":\"https:\\\/\\\/nutriranzu.com\\\/#organization\",\"name\":\"Nutricionista Iranzu P\u00e9rez\",\"url\":\"https:\\\/\\\/nutriranzu.com\\\/\",\"logo\":{\"@type\":\"ImageObject\",\"inLanguage\":\"eu\",\"@id\":\"https:\\\/\\\/nutriranzu.com\\\/#\\\/schema\\\/logo\\\/image\\\/\",\"url\":\"https:\\\/\\\/nutriranzu.com\\\/wp-content\\\/uploads\\\/2025\\\/12\\\/Para-tarjeta-logo.png\",\"contentUrl\":\"https:\\\/\\\/nutriranzu.com\\\/wp-content\\\/uploads\\\/2025\\\/12\\\/Para-tarjeta-logo.png\",\"width\":500,\"height\":500,\"caption\":\"Nutricionista Iranzu P\u00e9rez\"},\"image\":{\"@id\":\"https:\\\/\\\/nutriranzu.com\\\/#\\\/schema\\\/logo\\\/image\\\/\"},\"sameAs\":[\"https:\\\/\\\/www.instagram.com\\\/nutriranzu\\\/\"]}]}<\/script>\n<!-- \/ Yoast SEO plugin. -->","yoast_head_json":{"title":"Sobre m\u00ed - Nutricionista Iranzu P\u00e9rez","robots":{"index":"index","follow":"follow","max-snippet":"max-snippet:-1","max-image-preview":"max-image-preview:large","max-video-preview":"max-video-preview:-1"},"canonical":"https:\/\/nutriranzu.com\/eu\/quien-soy\/","og_locale":"en_US","og_type":"article","og_title":"Sobre m\u00ed - Nutricionista Iranzu P\u00e9rez","og_description":"Sobre m\u00ed \u00a1Hola! Soy Iranzu P\u00e9rez Soy Graduada en Nutrici\u00f3n Humana y Diet\u00e9tica por la Universidad Alfonso X el Sabio. Tras completar el m\u00e1ster en nutrici\u00f3n aplicada a deportes de resistencia, tuve la oportunidad de formar parte de la Rafa Nadal Academy, una experiencia que supuso un gran crecimiento tanto a nivel personal como profesional. [&hellip;]","og_url":"https:\/\/nutriranzu.com\/eu\/quien-soy\/","og_site_name":"Nutricionista Iranzu P\u00e9rez","article_modified_time":"2025-12-30T11:14:07+00:00","og_image":[{"width":623,"height":780,"url":"https:\/\/nutriranzu.com\/wp-content\/uploads\/2025\/12\/251226_IranzuConsulta_010.jpg","type":"image\/jpeg"}],"twitter_card":"summary_large_image","twitter_misc":{"Est. reading time":"1 minutua"},"schema":{"@context":"https:\/\/schema.org","@graph":[{"@type":"WebPage","@id":"https:\/\/nutriranzu.com\/quien-soy\/","url":"https:\/\/nutriranzu.com\/quien-soy\/","name":"Sobre m\u00ed - Nutricionista Iranzu P\u00e9rez","isPartOf":{"@id":"https:\/\/nutriranzu.com\/#website"},"primaryImageOfPage":{"@id":"https:\/\/nutriranzu.com\/quien-soy\/#primaryimage"},"image":{"@id":"https:\/\/nutriranzu.com\/quien-soy\/#primaryimage"},"thumbnailUrl":"https:\/\/nutriranzu.com\/wp-content\/uploads\/2025\/12\/251226_IranzuConsulta_010.jpg","datePublished":"2025-12-29T12:10:22+00:00","dateModified":"2025-12-30T11:14:07+00:00","breadcrumb":{"@id":"https:\/\/nutriranzu.com\/quien-soy\/#breadcrumb"},"inLanguage":"eu","potentialAction":[{"@type":"ReadAction","target":["https:\/\/nutriranzu.com\/quien-soy\/"]}]},{"@type":"ImageObject","inLanguage":"eu","@id":"https:\/\/nutriranzu.com\/quien-soy\/#primaryimage","url":"https:\/\/nutriranzu.com\/wp-content\/uploads\/2025\/12\/251226_IranzuConsulta_010.jpg","contentUrl":"https:\/\/nutriranzu.com\/wp-content\/uploads\/2025\/12\/251226_IranzuConsulta_010.jpg"},{"@type":"BreadcrumbList","@id":"https:\/\/nutriranzu.com\/quien-soy\/#breadcrumb","itemListElement":[{"@type":"ListItem","position":1,"name":"Portada","item":"https:\/\/nutriranzu.com\/"},{"@type":"ListItem","position":2,"name":"Sobre m\u00ed"}]},{"@type":"WebSite","@id":"https:\/\/nutriranzu.com\/#website","url":"https:\/\/nutriranzu.com\/","name":"Nutricionista Iranzu P\u00e9rez","description":"Nutricionista en Estella","publisher":{"@id":"https:\/\/nutriranzu.com\/#organization"},"potentialAction":[{"@type":"SearchAction","target":{"@type":"EntryPoint","urlTemplate":"https:\/\/nutriranzu.com\/?s={search_term_string}"},"query-input":{"@type":"PropertyValueSpecification","valueRequired":true,"valueName":"search_term_string"}}],"inLanguage":"eu"},{"@type":"Organization","@id":"https:\/\/nutriranzu.com\/#organization","name":"Nutricionista Iranzu P\u00e9rez","url":"https:\/\/nutriranzu.com\/","logo":{"@type":"ImageObject","inLanguage":"eu","@id":"https:\/\/nutriranzu.com\/#\/schema\/logo\/image\/","url":"https:\/\/nutriranzu.com\/wp-content\/uploads\/2025\/12\/Para-tarjeta-logo.png","contentUrl":"https:\/\/nutriranzu.com\/wp-content\/uploads\/2025\/12\/Para-tarjeta-logo.png","width":500,"height":500,"caption":"Nutricionista Iranzu P\u00e9rez"},"image":{"@id":"https:\/\/nutriranzu.com\/#\/schema\/logo\/image\/"},"sameAs":["https:\/\/www.instagram.com\/nutriranzu\/"]}]}},"_links":{"self":[{"href":"https:\/\/nutriranzu.com\/eu\/wp-json\/wp\/v2\/pages\/158","targetHints":{"allow":["GET"]}}],"collection":[{"href":"https:\/\/nutriranzu.com\/eu\/wp-json\/wp\/v2\/pages"}],"about":[{"href":"https:\/\/nutriranzu.com\/eu\/wp-json\/wp\/v2\/types\/page"}],"author":[{"embeddable":true,"href":"https:\/\/nutriranzu.com\/eu\/wp-json\/wp\/v2\/users\/1"}],"replies":[{"embeddable":true,"href":"https:\/\/nutriranzu.com\/eu\/wp-json\/wp\/v2\/comments?post=158"}],"version-history":[{"count":5,"href":"https:\/\/nutriranzu.com\/eu\/wp-json\/wp\/v2\/pages\/158\/revisions"}],"predecessor-version":[{"id":403,"href":"https:\/\/nutriranzu.com\/eu\/wp-json\/wp\/v2\/pages\/158\/revisions\/403"}],"wp:attachment":[{"href":"https:\/\/nutriranzu.com\/eu\/wp-json\/wp\/v2\/media?parent=158"}],"curies":[{"name":"wp","href":"https:\/\/api.w.org\/{rel}","templated":true}]}}